{"id":516,"date":"2021-08-10T13:38:00","date_gmt":"2021-08-10T11:38:00","guid":{"rendered":"https:\/\/trisko-butik.pl\/?post_type=product&#038;p=516"},"modified":"2022-09-07T20:56:02","modified_gmt":"2022-09-07T18:56:02","slug":"czarne-szorty-kolarki-serena","status":"publish","type":"product","link":"https:\/\/trisko-butik.pl\/?product=czarne-szorty-kolarki-serena","title":{"rendered":"Czarne szorty kolarki Serena"},"content":{"rendered":"<div id=\"component_projector_longdescription_not\" class=\"projector_longdescription cm \">\n<p>sk\u0142ad materia\u0142u: 90% poliester, 10% elastan<\/p>\n<p>spos\u00f3b prania: pranie w pralce w 30\u00b0C<\/p>\n<p>Modelka ma na sobie rozmiar S. Wymiary modelki: wzrost 172 cm, biust 84 cm, talia 60 cm, biodra 88 cm.<\/p>\n<table class=\"ui-responsive table-stroke ui-table ui-table-reflow table-condensed\">\n<thead>\n<tr>\n<th class=\"table-first-column\">Rozmiar<\/th>\n<th>Wzrost<\/th>\n<th>Obw\u00f3d talii<\/th>\n<th>Obw\u00f3d bioder<\/th>\n<th>szeroko\u015b\u0107 nogawki<\/th>\n<th>D\u0142ugo\u015b\u0107 ca\u0142kowita<\/th>\n<\/tr>\n<\/thead>\n<tbody>\n<tr>\n<th>S<\/th>\n<td>160-168<\/td>\n<td>67-74<\/td>\n<td>96<\/td>\n<td>27<\/td>\n<td>27<\/td>\n<\/tr>\n<tr>\n<th>M<\/th>\n<td>162-172<\/td>\n<td>71-78<\/td>\n<td>98<\/td>\n<td>29<\/td>\n<td>29<\/td>\n<\/tr>\n<tr>\n<th>L<\/th>\n<td>164-174<\/td>\n<td>75-82<\/td>\n<td>100<\/td>\n<td>30<\/td>\n<td>30<\/td>\n<\/tr>\n<\/tbody>\n<\/table>\n<\/div>\n","protected":false},"excerpt":{"rendered":"<p>sk\u0142ad materia\u0142u: 90% poliester, 10% elastan spos\u00f3b prania: pranie w pralce w 30\u00b0C Modelka ma na sobie rozmiar S. Wymiary modelki: wzrost 172 cm, biust 84 cm, talia 60 cm, biodra 88 cm. Rozmiar Wzrost Obw\u00f3d talii Obw\u00f3d bioder szeroko\u015b\u0107 nogawki D\u0142ugo\u015b\u0107 ca\u0142kowita S 160-168 67-74 96 27 27 M 162-172 71-78 98 29 29 [&hellip;]<\/p>\n","protected":false},"featured_media":517,"template":"","meta":[],"product_brand":[],"product_cat":[34],"product_tag":[],"class_list":{"0":"post-516","1":"product","2":"type-product","3":"status-publish","4":"has-post-thumbnail","6":"product_cat-spodnie","8":"first","9":"instock","10":"shipping-taxable","11":"purchasable","12":"product-type-simple"},"yoast_head":"<!-- This site is optimized with the Yoast SEO plugin v24.5 - https:\/\/yoast.com\/wordpress\/plugins\/seo\/ -->\n<title>Czarne szorty kolarki Serena - Trisko butik<\/title>\n<meta name=\"robots\" content=\"index, follow, max-snippet:-1, max-image-preview:large, max-video-preview:-1\" \/>\n<link rel=\"canonical\" href=\"https:\/\/trisko-butik.pl\/?product=czarne-szorty-kolarki-serena\" \/>\n<meta property=\"og:locale\" content=\"pl_PL\" \/>\n<meta property=\"og:type\" content=\"article\" \/>\n<meta property=\"og:title\" content=\"Czarne szorty kolarki Serena - Trisko butik\" \/>\n<meta property=\"og:description\" content=\"sk\u0142ad materia\u0142u: 90% poliester, 10% elastan spos\u00f3b prania: pranie w pralce w 30\u00b0C Modelka ma na sobie rozmiar S. Wymiary modelki: wzrost 172 cm, biust 84 cm, talia 60 cm, biodra 88 cm. Rozmiar Wzrost Obw\u00f3d talii Obw\u00f3d bioder szeroko\u015b\u0107 nogawki D\u0142ugo\u015b\u0107 ca\u0142kowita S 160-168 67-74 96 27 27 M 162-172 71-78 98 29 29 [&hellip;]\" \/>\n<meta property=\"og:url\" content=\"https:\/\/trisko-butik.pl\/?product=czarne-szorty-kolarki-serena\" \/>\n<meta property=\"og:site_name\" content=\"Trisko butik\" \/>\n<meta property=\"article:modified_time\" content=\"2022-09-07T18:56:02+00:00\" \/>\n<meta property=\"og:image\" content=\"https:\/\/trisko-butik.pl\/wp-content\/uploads\/2021\/08\/pol_pl_Czarne-szorty-kolarki-Serena-367666_1.jpg\" \/>\n\t<meta property=\"og:image:width\" content=\"1500\" \/>\n\t<meta property=\"og:image:height\" content=\"2000\" \/>\n\t<meta property=\"og:image:type\" content=\"image\/jpeg\" \/>\n<meta name=\"twitter:card\" content=\"summary_large_image\" \/>\n<meta name=\"twitter:label1\" content=\"Szacowany czas czytania\" \/>\n\t<meta name=\"twitter:data1\" content=\"1 minuta\" \/>\n<script type=\"application\/ld+json\" class=\"yoast-schema-graph\">{\"@context\":\"https:\/\/schema.org\",\"@graph\":[{\"@type\":\"WebPage\",\"@id\":\"https:\/\/trisko-butik.pl\/?product=czarne-szorty-kolarki-serena\",\"url\":\"https:\/\/trisko-butik.pl\/?product=czarne-szorty-kolarki-serena\",\"name\":\"Czarne szorty kolarki Serena - Trisko butik\",\"isPartOf\":{\"@id\":\"https:\/\/trisko-butik.pl\/#website\"},\"primaryImageOfPage\":{\"@id\":\"https:\/\/trisko-butik.pl\/?product=czarne-szorty-kolarki-serena#primaryimage\"},\"image\":{\"@id\":\"https:\/\/trisko-butik.pl\/?product=czarne-szorty-kolarki-serena#primaryimage\"},\"thumbnailUrl\":\"https:\/\/trisko-butik.pl\/wp-content\/uploads\/2021\/08\/pol_pl_Czarne-szorty-kolarki-Serena-367666_1.jpg\",\"datePublished\":\"2021-08-10T11:38:00+00:00\",\"dateModified\":\"2022-09-07T18:56:02+00:00\",\"breadcrumb\":{\"@id\":\"https:\/\/trisko-butik.pl\/?product=czarne-szorty-kolarki-serena#breadcrumb\"},\"inLanguage\":\"pl-PL\",\"potentialAction\":[{\"@type\":\"ReadAction\",\"target\":[\"https:\/\/trisko-butik.pl\/?product=czarne-szorty-kolarki-serena\"]}]},{\"@type\":\"ImageObject\",\"inLanguage\":\"pl-PL\",\"@id\":\"https:\/\/trisko-butik.pl\/?product=czarne-szorty-kolarki-serena#primaryimage\",\"url\":\"https:\/\/trisko-butik.pl\/wp-content\/uploads\/2021\/08\/pol_pl_Czarne-szorty-kolarki-Serena-367666_1.jpg\",\"contentUrl\":\"https:\/\/trisko-butik.pl\/wp-content\/uploads\/2021\/08\/pol_pl_Czarne-szorty-kolarki-Serena-367666_1.jpg\",\"width\":1500,\"height\":2000},{\"@type\":\"BreadcrumbList\",\"@id\":\"https:\/\/trisko-butik.pl\/?product=czarne-szorty-kolarki-serena#breadcrumb\",\"itemListElement\":[{\"@type\":\"ListItem\",\"position\":1,\"name\":\"Sklep\",\"item\":\"https:\/\/trisko-butik.pl\/?page_id=8\"},{\"@type\":\"ListItem\",\"position\":2,\"name\":\"Czarne szorty kolarki Serena\"}]},{\"@type\":\"WebSite\",\"@id\":\"https:\/\/trisko-butik.pl\/#website\",\"url\":\"https:\/\/trisko-butik.pl\/\",\"name\":\"Trisko butik\",\"description\":\"\",\"publisher\":{\"@id\":\"https:\/\/trisko-butik.pl\/#organization\"},\"potentialAction\":[{\"@type\":\"SearchAction\",\"target\":{\"@type\":\"EntryPoint\",\"urlTemplate\":\"https:\/\/trisko-butik.pl\/?s={search_term_string}\"},\"query-input\":{\"@type\":\"PropertyValueSpecification\",\"valueRequired\":true,\"valueName\":\"search_term_string\"}}],\"inLanguage\":\"pl-PL\"},{\"@type\":\"Organization\",\"@id\":\"https:\/\/trisko-butik.pl\/#organization\",\"name\":\"Trisko butik\",\"url\":\"https:\/\/trisko-butik.pl\/\",\"logo\":{\"@type\":\"ImageObject\",\"inLanguage\":\"pl-PL\",\"@id\":\"https:\/\/trisko-butik.pl\/#\/schema\/logo\/image\/\",\"url\":\"https:\/\/trisko-butik.pl\/wp-content\/uploads\/2021\/07\/Logo-2.png\",\"contentUrl\":\"https:\/\/trisko-butik.pl\/wp-content\/uploads\/2021\/07\/Logo-2.png\",\"width\":328,\"height\":96,\"caption\":\"Trisko butik\"},\"image\":{\"@id\":\"https:\/\/trisko-butik.pl\/#\/schema\/logo\/image\/\"}}]}<\/script>\n<!-- \/ Yoast SEO plugin. -->","yoast_head_json":{"title":"Czarne szorty kolarki Serena - Trisko butik","robots":{"index":"index","follow":"follow","max-snippet":"max-snippet:-1","max-image-preview":"max-image-preview:large","max-video-preview":"max-video-preview:-1"},"canonical":"https:\/\/trisko-butik.pl\/?product=czarne-szorty-kolarki-serena","og_locale":"pl_PL","og_type":"article","og_title":"Czarne szorty kolarki Serena - Trisko butik","og_description":"sk\u0142ad materia\u0142u: 90% poliester, 10% elastan spos\u00f3b prania: pranie w pralce w 30\u00b0C Modelka ma na sobie rozmiar S. Wymiary modelki: wzrost 172 cm, biust 84 cm, talia 60 cm, biodra 88 cm. Rozmiar Wzrost Obw\u00f3d talii Obw\u00f3d bioder szeroko\u015b\u0107 nogawki D\u0142ugo\u015b\u0107 ca\u0142kowita S 160-168 67-74 96 27 27 M 162-172 71-78 98 29 29 [&hellip;]","og_url":"https:\/\/trisko-butik.pl\/?product=czarne-szorty-kolarki-serena","og_site_name":"Trisko butik","article_modified_time":"2022-09-07T18:56:02+00:00","og_image":[{"width":1500,"height":2000,"url":"https:\/\/trisko-butik.pl\/wp-content\/uploads\/2021\/08\/pol_pl_Czarne-szorty-kolarki-Serena-367666_1.jpg","type":"image\/jpeg"}],"twitter_card":"summary_large_image","twitter_misc":{"Szacowany czas czytania":"1 minuta"},"schema":{"@context":"https:\/\/schema.org","@graph":[{"@type":"WebPage","@id":"https:\/\/trisko-butik.pl\/?product=czarne-szorty-kolarki-serena","url":"https:\/\/trisko-butik.pl\/?product=czarne-szorty-kolarki-serena","name":"Czarne szorty kolarki Serena - Trisko butik","isPartOf":{"@id":"https:\/\/trisko-butik.pl\/#website"},"primaryImageOfPage":{"@id":"https:\/\/trisko-butik.pl\/?product=czarne-szorty-kolarki-serena#primaryimage"},"image":{"@id":"https:\/\/trisko-butik.pl\/?product=czarne-szorty-kolarki-serena#primaryimage"},"thumbnailUrl":"https:\/\/trisko-butik.pl\/wp-content\/uploads\/2021\/08\/pol_pl_Czarne-szorty-kolarki-Serena-367666_1.jpg","datePublished":"2021-08-10T11:38:00+00:00","dateModified":"2022-09-07T18:56:02+00:00","breadcrumb":{"@id":"https:\/\/trisko-butik.pl\/?product=czarne-szorty-kolarki-serena#breadcrumb"},"inLanguage":"pl-PL","potentialAction":[{"@type":"ReadAction","target":["https:\/\/trisko-butik.pl\/?product=czarne-szorty-kolarki-serena"]}]},{"@type":"ImageObject","inLanguage":"pl-PL","@id":"https:\/\/trisko-butik.pl\/?product=czarne-szorty-kolarki-serena#primaryimage","url":"https:\/\/trisko-butik.pl\/wp-content\/uploads\/2021\/08\/pol_pl_Czarne-szorty-kolarki-Serena-367666_1.jpg","contentUrl":"https:\/\/trisko-butik.pl\/wp-content\/uploads\/2021\/08\/pol_pl_Czarne-szorty-kolarki-Serena-367666_1.jpg","width":1500,"height":2000},{"@type":"BreadcrumbList","@id":"https:\/\/trisko-butik.pl\/?product=czarne-szorty-kolarki-serena#breadcrumb","itemListElement":[{"@type":"ListItem","position":1,"name":"Sklep","item":"https:\/\/trisko-butik.pl\/?page_id=8"},{"@type":"ListItem","position":2,"name":"Czarne szorty kolarki Serena"}]},{"@type":"WebSite","@id":"https:\/\/trisko-butik.pl\/#website","url":"https:\/\/trisko-butik.pl\/","name":"Trisko butik","description":"","publisher":{"@id":"https:\/\/trisko-butik.pl\/#organization"},"potentialAction":[{"@type":"SearchAction","target":{"@type":"EntryPoint","urlTemplate":"https:\/\/trisko-butik.pl\/?s={search_term_string}"},"query-input":{"@type":"PropertyValueSpecification","valueRequired":true,"valueName":"search_term_string"}}],"inLanguage":"pl-PL"},{"@type":"Organization","@id":"https:\/\/trisko-butik.pl\/#organization","name":"Trisko butik","url":"https:\/\/trisko-butik.pl\/","logo":{"@type":"ImageObject","inLanguage":"pl-PL","@id":"https:\/\/trisko-butik.pl\/#\/schema\/logo\/image\/","url":"https:\/\/trisko-butik.pl\/wp-content\/uploads\/2021\/07\/Logo-2.png","contentUrl":"https:\/\/trisko-butik.pl\/wp-content\/uploads\/2021\/07\/Logo-2.png","width":328,"height":96,"caption":"Trisko butik"},"image":{"@id":"https:\/\/trisko-butik.pl\/#\/schema\/logo\/image\/"}}]}},"_links":{"self":[{"href":"https:\/\/trisko-butik.pl\/index.php?rest_route=\/wp\/v2\/product\/516","targetHints":{"allow":["GET"]}}],"collection":[{"href":"https:\/\/trisko-butik.pl\/index.php?rest_route=\/wp\/v2\/product"}],"about":[{"href":"https:\/\/trisko-butik.pl\/index.php?rest_route=\/wp\/v2\/types\/product"}],"wp:featuredmedia":[{"embeddable":true,"href":"https:\/\/trisko-butik.pl\/index.php?rest_route=\/wp\/v2\/media\/517"}],"wp:attachment":[{"href":"https:\/\/trisko-butik.pl\/index.php?rest_route=%2Fwp%2Fv2%2Fmedia&parent=516"}],"wp:term":[{"taxonomy":"product_brand","embeddable":true,"href":"https:\/\/trisko-butik.pl\/index.php?rest_route=%2Fwp%2Fv2%2Fproduct_brand&post=516"},{"taxonomy":"product_cat","embeddable":true,"href":"https:\/\/trisko-butik.pl\/index.php?rest_route=%2Fwp%2Fv2%2Fproduct_cat&post=516"},{"taxonomy":"product_tag","embeddable":true,"href":"https:\/\/trisko-butik.pl\/index.php?rest_route=%2Fwp%2Fv2%2Fproduct_tag&post=516"}],"curies":[{"name":"wp","href":"https:\/\/api.w.org\/{rel}","templated":true}]}}