{"id":508,"date":"2021-08-09T21:33:31","date_gmt":"2021-08-09T19:33:31","guid":{"rendered":"https:\/\/trisko-butik.pl\/?post_type=product&#038;p=508"},"modified":"2021-08-09T21:38:39","modified_gmt":"2021-08-09T19:38:39","slug":"sukienka-z-ozdobnym-paskiem-i-napisem-morelowa","status":"publish","type":"product","link":"https:\/\/trisko-butik.pl\/?product=sukienka-z-ozdobnym-paskiem-i-napisem-morelowa","title":{"rendered":"Sukienka z ozdobnym paskiem i napisem morelowa"},"content":{"rendered":"<p>Prezentujemy Pa\u0144stwu wygodn\u0105 sukienk\u0119 z ozdobnym paskiem oraz modnym napisem z przodu. Sukienka posiada d\u0142u\u017cszy ty\u0142. Sukienka wykonana jest z wysokiej jako\u015bci materia\u0142u. Bardzo ciekawa propozycja dla wszystkich Pa\u0144. Rozmiar jest uniwersalny i b\u0119dzie odpowiedni dla Pa\u0144 nosz\u0105cych rozmiar S, M lub L.<\/p>\n<p>Sk\u0142ad:<\/p>\n<ul>\n<li>90% Bawe\u0142na,<\/li>\n<li>10% Elastan<\/li>\n<\/ul>\n<p>Wymiary:<\/p>\n<ul>\n<li>Szeroko\u015b\u0107 pod pachami: 42 cm<\/li>\n<li>D\u0142ugo\u015b\u0107 r\u0119kawa od ramienia: 53 cm<\/li>\n<li>D\u0142ugo\u015b\u0107 ca\u0142kowita prz\u00f3d: 88 cm\/ty\u0142: 128 cm<\/li>\n<li>Szeroko\u015b\u0107 w biodrach: 62 cm<\/li>\n<li>waga: 430 g<\/li>\n<\/ul>\n","protected":false},"excerpt":{"rendered":"<p>Prezentujemy Pa\u0144stwu wygodn\u0105 sukienk\u0119 z ozdobnym paskiem oraz modnym napisem z przodu. Sukienka posiada d\u0142u\u017cszy ty\u0142. Sukienka wykonana jest z wysokiej jako\u015bci materia\u0142u. Bardzo ciekawa propozycja dla wszystkich Pa\u0144. Rozmiar jest uniwersalny i b\u0119dzie odpowiedni dla Pa\u0144 nosz\u0105cych rozmiar S, M lub L. Sk\u0142ad: 90% Bawe\u0142na, 10% Elastan Wymiary: Szeroko\u015b\u0107 pod pachami: 42 cm D\u0142ugo\u015b\u0107 [&hellip;]<\/p>\n","protected":false},"featured_media":509,"template":"","meta":[],"product_brand":[],"product_cat":[23,33],"product_tag":[],"class_list":{"0":"post-508","1":"product","2":"type-product","3":"status-publish","4":"has-post-thumbnail","6":"product_cat-nowosci","7":"product_cat-sukienki","8":"pa_kolor-morelowy","9":"pa_rozmiar-uniwersalny","11":"first","12":"instock","13":"shipping-taxable","14":"purchasable","15":"product-type-simple"},"yoast_head":"<!-- This site is optimized with the Yoast SEO plugin v24.5 - https:\/\/yoast.com\/wordpress\/plugins\/seo\/ -->\n<title>Sukienka z ozdobnym paskiem i napisem morelowa - Trisko butik<\/title>\n<meta name=\"robots\" content=\"index, follow, max-snippet:-1, max-image-preview:large, max-video-preview:-1\" \/>\n<link rel=\"canonical\" href=\"https:\/\/trisko-butik.pl\/?product=sukienka-z-ozdobnym-paskiem-i-napisem-morelowa\" \/>\n<meta property=\"og:locale\" content=\"pl_PL\" \/>\n<meta property=\"og:type\" content=\"article\" \/>\n<meta property=\"og:title\" content=\"Sukienka z ozdobnym paskiem i napisem morelowa - Trisko butik\" \/>\n<meta property=\"og:description\" content=\"Prezentujemy Pa\u0144stwu wygodn\u0105 sukienk\u0119 z ozdobnym paskiem oraz modnym napisem z przodu. Sukienka posiada d\u0142u\u017cszy ty\u0142. Sukienka wykonana jest z wysokiej jako\u015bci materia\u0142u. Bardzo ciekawa propozycja dla wszystkich Pa\u0144. Rozmiar jest uniwersalny i b\u0119dzie odpowiedni dla Pa\u0144 nosz\u0105cych rozmiar S, M lub L. Sk\u0142ad: 90% Bawe\u0142na, 10% Elastan Wymiary: Szeroko\u015b\u0107 pod pachami: 42 cm D\u0142ugo\u015b\u0107 [&hellip;]\" \/>\n<meta property=\"og:url\" content=\"https:\/\/trisko-butik.pl\/?product=sukienka-z-ozdobnym-paskiem-i-napisem-morelowa\" \/>\n<meta property=\"og:site_name\" content=\"Trisko butik\" \/>\n<meta property=\"article:modified_time\" content=\"2021-08-09T19:38:39+00:00\" \/>\n<meta property=\"og:image\" content=\"https:\/\/trisko-butik.pl\/wp-content\/uploads\/2021\/08\/pol_pm_Sukienka-z-ozdobnym-paskiem-i-napisem-morelowa-20166_4.jpg\" \/>\n\t<meta property=\"og:image:width\" content=\"573\" \/>\n\t<meta property=\"og:image:height\" content=\"860\" \/>\n\t<meta property=\"og:image:type\" content=\"image\/jpeg\" \/>\n<meta name=\"twitter:card\" content=\"summary_large_image\" \/>\n<meta name=\"twitter:label1\" content=\"Szacowany czas czytania\" \/>\n\t<meta name=\"twitter:data1\" content=\"1 minuta\" \/>\n<script type=\"application\/ld+json\" class=\"yoast-schema-graph\">{\"@context\":\"https:\/\/schema.org\",\"@graph\":[{\"@type\":\"WebPage\",\"@id\":\"https:\/\/trisko-butik.pl\/?product=sukienka-z-ozdobnym-paskiem-i-napisem-morelowa\",\"url\":\"https:\/\/trisko-butik.pl\/?product=sukienka-z-ozdobnym-paskiem-i-napisem-morelowa\",\"name\":\"Sukienka z ozdobnym paskiem i napisem morelowa - Trisko butik\",\"isPartOf\":{\"@id\":\"https:\/\/trisko-butik.pl\/#website\"},\"primaryImageOfPage\":{\"@id\":\"https:\/\/trisko-butik.pl\/?product=sukienka-z-ozdobnym-paskiem-i-napisem-morelowa#primaryimage\"},\"image\":{\"@id\":\"https:\/\/trisko-butik.pl\/?product=sukienka-z-ozdobnym-paskiem-i-napisem-morelowa#primaryimage\"},\"thumbnailUrl\":\"https:\/\/trisko-butik.pl\/wp-content\/uploads\/2021\/08\/pol_pm_Sukienka-z-ozdobnym-paskiem-i-napisem-morelowa-20166_4.jpg\",\"datePublished\":\"2021-08-09T19:33:31+00:00\",\"dateModified\":\"2021-08-09T19:38:39+00:00\",\"breadcrumb\":{\"@id\":\"https:\/\/trisko-butik.pl\/?product=sukienka-z-ozdobnym-paskiem-i-napisem-morelowa#breadcrumb\"},\"inLanguage\":\"pl-PL\",\"potentialAction\":[{\"@type\":\"ReadAction\",\"target\":[\"https:\/\/trisko-butik.pl\/?product=sukienka-z-ozdobnym-paskiem-i-napisem-morelowa\"]}]},{\"@type\":\"ImageObject\",\"inLanguage\":\"pl-PL\",\"@id\":\"https:\/\/trisko-butik.pl\/?product=sukienka-z-ozdobnym-paskiem-i-napisem-morelowa#primaryimage\",\"url\":\"https:\/\/trisko-butik.pl\/wp-content\/uploads\/2021\/08\/pol_pm_Sukienka-z-ozdobnym-paskiem-i-napisem-morelowa-20166_4.jpg\",\"contentUrl\":\"https:\/\/trisko-butik.pl\/wp-content\/uploads\/2021\/08\/pol_pm_Sukienka-z-ozdobnym-paskiem-i-napisem-morelowa-20166_4.jpg\",\"width\":573,\"height\":860},{\"@type\":\"BreadcrumbList\",\"@id\":\"https:\/\/trisko-butik.pl\/?product=sukienka-z-ozdobnym-paskiem-i-napisem-morelowa#breadcrumb\",\"itemListElement\":[{\"@type\":\"ListItem\",\"position\":1,\"name\":\"Sklep\",\"item\":\"https:\/\/trisko-butik.pl\/?page_id=8\"},{\"@type\":\"ListItem\",\"position\":2,\"name\":\"Sukienka z ozdobnym paskiem i napisem morelowa\"}]},{\"@type\":\"WebSite\",\"@id\":\"https:\/\/trisko-butik.pl\/#website\",\"url\":\"https:\/\/trisko-butik.pl\/\",\"name\":\"Trisko butik\",\"description\":\"\",\"publisher\":{\"@id\":\"https:\/\/trisko-butik.pl\/#organization\"},\"potentialAction\":[{\"@type\":\"SearchAction\",\"target\":{\"@type\":\"EntryPoint\",\"urlTemplate\":\"https:\/\/trisko-butik.pl\/?s={search_term_string}\"},\"query-input\":{\"@type\":\"PropertyValueSpecification\",\"valueRequired\":true,\"valueName\":\"search_term_string\"}}],\"inLanguage\":\"pl-PL\"},{\"@type\":\"Organization\",\"@id\":\"https:\/\/trisko-butik.pl\/#organization\",\"name\":\"Trisko butik\",\"url\":\"https:\/\/trisko-butik.pl\/\",\"logo\":{\"@type\":\"ImageObject\",\"inLanguage\":\"pl-PL\",\"@id\":\"https:\/\/trisko-butik.pl\/#\/schema\/logo\/image\/\",\"url\":\"https:\/\/trisko-butik.pl\/wp-content\/uploads\/2021\/07\/Logo-2.png\",\"contentUrl\":\"https:\/\/trisko-butik.pl\/wp-content\/uploads\/2021\/07\/Logo-2.png\",\"width\":328,\"height\":96,\"caption\":\"Trisko butik\"},\"image\":{\"@id\":\"https:\/\/trisko-butik.pl\/#\/schema\/logo\/image\/\"}}]}<\/script>\n<!-- \/ Yoast SEO plugin. -->","yoast_head_json":{"title":"Sukienka z ozdobnym paskiem i napisem morelowa - Trisko butik","robots":{"index":"index","follow":"follow","max-snippet":"max-snippet:-1","max-image-preview":"max-image-preview:large","max-video-preview":"max-video-preview:-1"},"canonical":"https:\/\/trisko-butik.pl\/?product=sukienka-z-ozdobnym-paskiem-i-napisem-morelowa","og_locale":"pl_PL","og_type":"article","og_title":"Sukienka z ozdobnym paskiem i napisem morelowa - Trisko butik","og_description":"Prezentujemy Pa\u0144stwu wygodn\u0105 sukienk\u0119 z ozdobnym paskiem oraz modnym napisem z przodu. Sukienka posiada d\u0142u\u017cszy ty\u0142. Sukienka wykonana jest z wysokiej jako\u015bci materia\u0142u. Bardzo ciekawa propozycja dla wszystkich Pa\u0144. Rozmiar jest uniwersalny i b\u0119dzie odpowiedni dla Pa\u0144 nosz\u0105cych rozmiar S, M lub L. Sk\u0142ad: 90% Bawe\u0142na, 10% Elastan Wymiary: Szeroko\u015b\u0107 pod pachami: 42 cm D\u0142ugo\u015b\u0107 [&hellip;]","og_url":"https:\/\/trisko-butik.pl\/?product=sukienka-z-ozdobnym-paskiem-i-napisem-morelowa","og_site_name":"Trisko butik","article_modified_time":"2021-08-09T19:38:39+00:00","og_image":[{"width":573,"height":860,"url":"https:\/\/trisko-butik.pl\/wp-content\/uploads\/2021\/08\/pol_pm_Sukienka-z-ozdobnym-paskiem-i-napisem-morelowa-20166_4.jpg","type":"image\/jpeg"}],"twitter_card":"summary_large_image","twitter_misc":{"Szacowany czas czytania":"1 minuta"},"schema":{"@context":"https:\/\/schema.org","@graph":[{"@type":"WebPage","@id":"https:\/\/trisko-butik.pl\/?product=sukienka-z-ozdobnym-paskiem-i-napisem-morelowa","url":"https:\/\/trisko-butik.pl\/?product=sukienka-z-ozdobnym-paskiem-i-napisem-morelowa","name":"Sukienka z ozdobnym paskiem i napisem morelowa - Trisko butik","isPartOf":{"@id":"https:\/\/trisko-butik.pl\/#website"},"primaryImageOfPage":{"@id":"https:\/\/trisko-butik.pl\/?product=sukienka-z-ozdobnym-paskiem-i-napisem-morelowa#primaryimage"},"image":{"@id":"https:\/\/trisko-butik.pl\/?product=sukienka-z-ozdobnym-paskiem-i-napisem-morelowa#primaryimage"},"thumbnailUrl":"https:\/\/trisko-butik.pl\/wp-content\/uploads\/2021\/08\/pol_pm_Sukienka-z-ozdobnym-paskiem-i-napisem-morelowa-20166_4.jpg","datePublished":"2021-08-09T19:33:31+00:00","dateModified":"2021-08-09T19:38:39+00:00","breadcrumb":{"@id":"https:\/\/trisko-butik.pl\/?product=sukienka-z-ozdobnym-paskiem-i-napisem-morelowa#breadcrumb"},"inLanguage":"pl-PL","potentialAction":[{"@type":"ReadAction","target":["https:\/\/trisko-butik.pl\/?product=sukienka-z-ozdobnym-paskiem-i-napisem-morelowa"]}]},{"@type":"ImageObject","inLanguage":"pl-PL","@id":"https:\/\/trisko-butik.pl\/?product=sukienka-z-ozdobnym-paskiem-i-napisem-morelowa#primaryimage","url":"https:\/\/trisko-butik.pl\/wp-content\/uploads\/2021\/08\/pol_pm_Sukienka-z-ozdobnym-paskiem-i-napisem-morelowa-20166_4.jpg","contentUrl":"https:\/\/trisko-butik.pl\/wp-content\/uploads\/2021\/08\/pol_pm_Sukienka-z-ozdobnym-paskiem-i-napisem-morelowa-20166_4.jpg","width":573,"height":860},{"@type":"BreadcrumbList","@id":"https:\/\/trisko-butik.pl\/?product=sukienka-z-ozdobnym-paskiem-i-napisem-morelowa#breadcrumb","itemListElement":[{"@type":"ListItem","position":1,"name":"Sklep","item":"https:\/\/trisko-butik.pl\/?page_id=8"},{"@type":"ListItem","position":2,"name":"Sukienka z ozdobnym paskiem i napisem morelowa"}]},{"@type":"WebSite","@id":"https:\/\/trisko-butik.pl\/#website","url":"https:\/\/trisko-butik.pl\/","name":"Trisko butik","description":"","publisher":{"@id":"https:\/\/trisko-butik.pl\/#organization"},"potentialAction":[{"@type":"SearchAction","target":{"@type":"EntryPoint","urlTemplate":"https:\/\/trisko-butik.pl\/?s={search_term_string}"},"query-input":{"@type":"PropertyValueSpecification","valueRequired":true,"valueName":"search_term_string"}}],"inLanguage":"pl-PL"},{"@type":"Organization","@id":"https:\/\/trisko-butik.pl\/#organization","name":"Trisko butik","url":"https:\/\/trisko-butik.pl\/","logo":{"@type":"ImageObject","inLanguage":"pl-PL","@id":"https:\/\/trisko-butik.pl\/#\/schema\/logo\/image\/","url":"https:\/\/trisko-butik.pl\/wp-content\/uploads\/2021\/07\/Logo-2.png","contentUrl":"https:\/\/trisko-butik.pl\/wp-content\/uploads\/2021\/07\/Logo-2.png","width":328,"height":96,"caption":"Trisko butik"},"image":{"@id":"https:\/\/trisko-butik.pl\/#\/schema\/logo\/image\/"}}]}},"_links":{"self":[{"href":"https:\/\/trisko-butik.pl\/index.php?rest_route=\/wp\/v2\/product\/508","targetHints":{"allow":["GET"]}}],"collection":[{"href":"https:\/\/trisko-butik.pl\/index.php?rest_route=\/wp\/v2\/product"}],"about":[{"href":"https:\/\/trisko-butik.pl\/index.php?rest_route=\/wp\/v2\/types\/product"}],"wp:featuredmedia":[{"embeddable":true,"href":"https:\/\/trisko-butik.pl\/index.php?rest_route=\/wp\/v2\/media\/509"}],"wp:attachment":[{"href":"https:\/\/trisko-butik.pl\/index.php?rest_route=%2Fwp%2Fv2%2Fmedia&parent=508"}],"wp:term":[{"taxonomy":"product_brand","embeddable":true,"href":"https:\/\/trisko-butik.pl\/index.php?rest_route=%2Fwp%2Fv2%2Fproduct_brand&post=508"},{"taxonomy":"product_cat","embeddable":true,"href":"https:\/\/trisko-butik.pl\/index.php?rest_route=%2Fwp%2Fv2%2Fproduct_cat&post=508"},{"taxonomy":"product_tag","embeddable":true,"href":"https:\/\/trisko-butik.pl\/index.php?rest_route=%2Fwp%2Fv2%2Fproduct_tag&post=508"}],"curies":[{"name":"wp","href":"https:\/\/api.w.org\/{rel}","templated":true}]}}