{"id":487,"date":"2021-08-09T21:18:18","date_gmt":"2021-08-09T19:18:18","guid":{"rendered":"https:\/\/trisko-butik.pl\/?post_type=product&#038;p=487"},"modified":"2021-08-09T21:21:58","modified_gmt":"2021-08-09T19:21:58","slug":"sukienka-z-kapturem-i-dluzszym-tylem-zielona","status":"publish","type":"product","link":"https:\/\/trisko-butik.pl\/?product=sukienka-z-kapturem-i-dluzszym-tylem-zielona","title":{"rendered":"Sukienka z kapturem i d\u0142u\u017cszym ty\u0142em mi\u0119towa"},"content":{"rendered":"<p>Prezentujemy Pa\u0144stwu wygodn\u0105 sukienk\u0119 z kapturem. Sukienka posiada kieszenie oraz d\u0142u\u017cszy ty\u0142. Idealna propozycja dla ka\u017cdej z Pa\u0144. Sukienka wykonana jest z wysokiej jako\u015bci materia\u0142u. Rozmiar jest uniwersalny i b\u0119dzie odpowiedni dla Pa\u0144 nosz\u0105cych rozmiar S, M lub L.<\/p>\n<p>Sk\u0142ad materia\u0142u:<\/p>\n<ul>\n<li>90% Bawe\u0142na,<\/li>\n<li>10% Elastan<\/li>\n<\/ul>\n<p>Wymiary:<\/p>\n<ul>\n<li>Szeroko\u015b\u0107 pod pachami: 54 cm<\/li>\n<li>D\u0142ugo\u015b\u0107 ca\u0142kowita prz\u00f3d: 77 cm\/ty\u0142: 94 cm<\/li>\n<li>D\u0142ugo\u015b\u0107 r\u0119kawa od pachy: 29 cm<\/li>\n<\/ul>\n","protected":false},"excerpt":{"rendered":"<p>Prezentujemy Pa\u0144stwu wygodn\u0105 sukienk\u0119 z kapturem. Sukienka posiada kieszenie oraz d\u0142u\u017cszy ty\u0142. Idealna propozycja dla ka\u017cdej z Pa\u0144. Sukienka wykonana jest z wysokiej jako\u015bci materia\u0142u. Rozmiar jest uniwersalny i b\u0119dzie odpowiedni dla Pa\u0144 nosz\u0105cych rozmiar S, M lub L. Sk\u0142ad materia\u0142u: 90% Bawe\u0142na, 10% Elastan Wymiary: Szeroko\u015b\u0107 pod pachami: 54 cm D\u0142ugo\u015b\u0107 ca\u0142kowita prz\u00f3d: 77 [&hellip;]<\/p>\n","protected":false},"featured_media":492,"template":"","meta":[],"product_brand":[],"product_cat":[33],"product_tag":[],"class_list":{"0":"post-487","1":"product","2":"type-product","3":"status-publish","4":"has-post-thumbnail","6":"product_cat-sukienki","7":"pa_kolor-mietowy","8":"pa_rozmiar-uniwersalny","10":"first","11":"instock","12":"shipping-taxable","13":"purchasable","14":"product-type-simple"},"yoast_head":"<!-- This site is optimized with the Yoast SEO plugin v24.5 - https:\/\/yoast.com\/wordpress\/plugins\/seo\/ -->\n<title>Sukienka z kapturem i d\u0142u\u017cszym ty\u0142em mi\u0119towa - Trisko butik<\/title>\n<meta name=\"robots\" content=\"index, follow, max-snippet:-1, max-image-preview:large, max-video-preview:-1\" \/>\n<link rel=\"canonical\" href=\"https:\/\/trisko-butik.pl\/?product=sukienka-z-kapturem-i-dluzszym-tylem-zielona\" \/>\n<meta property=\"og:locale\" content=\"pl_PL\" \/>\n<meta property=\"og:type\" content=\"article\" \/>\n<meta property=\"og:title\" content=\"Sukienka z kapturem i d\u0142u\u017cszym ty\u0142em mi\u0119towa - Trisko butik\" \/>\n<meta property=\"og:description\" content=\"Prezentujemy Pa\u0144stwu wygodn\u0105 sukienk\u0119 z kapturem. Sukienka posiada kieszenie oraz d\u0142u\u017cszy ty\u0142. Idealna propozycja dla ka\u017cdej z Pa\u0144. Sukienka wykonana jest z wysokiej jako\u015bci materia\u0142u. Rozmiar jest uniwersalny i b\u0119dzie odpowiedni dla Pa\u0144 nosz\u0105cych rozmiar S, M lub L. Sk\u0142ad materia\u0142u: 90% Bawe\u0142na, 10% Elastan Wymiary: Szeroko\u015b\u0107 pod pachami: 54 cm D\u0142ugo\u015b\u0107 ca\u0142kowita prz\u00f3d: 77 [&hellip;]\" \/>\n<meta property=\"og:url\" content=\"https:\/\/trisko-butik.pl\/?product=sukienka-z-kapturem-i-dluzszym-tylem-zielona\" \/>\n<meta property=\"og:site_name\" content=\"Trisko butik\" \/>\n<meta property=\"article:modified_time\" content=\"2021-08-09T19:21:58+00:00\" \/>\n<meta property=\"og:image\" content=\"https:\/\/trisko-butik.pl\/wp-content\/uploads\/2021\/08\/pol_pm_Sukienka-z-kapturem-i-dluzszym-tylem-mietowa-19889_2.jpg\" \/>\n\t<meta property=\"og:image:width\" content=\"573\" \/>\n\t<meta property=\"og:image:height\" content=\"860\" \/>\n\t<meta property=\"og:image:type\" content=\"image\/jpeg\" \/>\n<meta name=\"twitter:card\" content=\"summary_large_image\" \/>\n<meta name=\"twitter:label1\" content=\"Szacowany czas czytania\" \/>\n\t<meta name=\"twitter:data1\" content=\"1 minuta\" \/>\n<script type=\"application\/ld+json\" class=\"yoast-schema-graph\">{\"@context\":\"https:\/\/schema.org\",\"@graph\":[{\"@type\":\"WebPage\",\"@id\":\"https:\/\/trisko-butik.pl\/?product=sukienka-z-kapturem-i-dluzszym-tylem-zielona\",\"url\":\"https:\/\/trisko-butik.pl\/?product=sukienka-z-kapturem-i-dluzszym-tylem-zielona\",\"name\":\"Sukienka z kapturem i d\u0142u\u017cszym ty\u0142em mi\u0119towa - Trisko butik\",\"isPartOf\":{\"@id\":\"https:\/\/trisko-butik.pl\/#website\"},\"primaryImageOfPage\":{\"@id\":\"https:\/\/trisko-butik.pl\/?product=sukienka-z-kapturem-i-dluzszym-tylem-zielona#primaryimage\"},\"image\":{\"@id\":\"https:\/\/trisko-butik.pl\/?product=sukienka-z-kapturem-i-dluzszym-tylem-zielona#primaryimage\"},\"thumbnailUrl\":\"https:\/\/trisko-butik.pl\/wp-content\/uploads\/2021\/08\/pol_pm_Sukienka-z-kapturem-i-dluzszym-tylem-mietowa-19889_2.jpg\",\"datePublished\":\"2021-08-09T19:18:18+00:00\",\"dateModified\":\"2021-08-09T19:21:58+00:00\",\"breadcrumb\":{\"@id\":\"https:\/\/trisko-butik.pl\/?product=sukienka-z-kapturem-i-dluzszym-tylem-zielona#breadcrumb\"},\"inLanguage\":\"pl-PL\",\"potentialAction\":[{\"@type\":\"ReadAction\",\"target\":[\"https:\/\/trisko-butik.pl\/?product=sukienka-z-kapturem-i-dluzszym-tylem-zielona\"]}]},{\"@type\":\"ImageObject\",\"inLanguage\":\"pl-PL\",\"@id\":\"https:\/\/trisko-butik.pl\/?product=sukienka-z-kapturem-i-dluzszym-tylem-zielona#primaryimage\",\"url\":\"https:\/\/trisko-butik.pl\/wp-content\/uploads\/2021\/08\/pol_pm_Sukienka-z-kapturem-i-dluzszym-tylem-mietowa-19889_2.jpg\",\"contentUrl\":\"https:\/\/trisko-butik.pl\/wp-content\/uploads\/2021\/08\/pol_pm_Sukienka-z-kapturem-i-dluzszym-tylem-mietowa-19889_2.jpg\",\"width\":573,\"height\":860},{\"@type\":\"BreadcrumbList\",\"@id\":\"https:\/\/trisko-butik.pl\/?product=sukienka-z-kapturem-i-dluzszym-tylem-zielona#breadcrumb\",\"itemListElement\":[{\"@type\":\"ListItem\",\"position\":1,\"name\":\"Sklep\",\"item\":\"https:\/\/trisko-butik.pl\/?page_id=8\"},{\"@type\":\"ListItem\",\"position\":2,\"name\":\"Sukienka z kapturem i d\u0142u\u017cszym ty\u0142em mi\u0119towa\"}]},{\"@type\":\"WebSite\",\"@id\":\"https:\/\/trisko-butik.pl\/#website\",\"url\":\"https:\/\/trisko-butik.pl\/\",\"name\":\"Trisko butik\",\"description\":\"\",\"publisher\":{\"@id\":\"https:\/\/trisko-butik.pl\/#organization\"},\"potentialAction\":[{\"@type\":\"SearchAction\",\"target\":{\"@type\":\"EntryPoint\",\"urlTemplate\":\"https:\/\/trisko-butik.pl\/?s={search_term_string}\"},\"query-input\":{\"@type\":\"PropertyValueSpecification\",\"valueRequired\":true,\"valueName\":\"search_term_string\"}}],\"inLanguage\":\"pl-PL\"},{\"@type\":\"Organization\",\"@id\":\"https:\/\/trisko-butik.pl\/#organization\",\"name\":\"Trisko butik\",\"url\":\"https:\/\/trisko-butik.pl\/\",\"logo\":{\"@type\":\"ImageObject\",\"inLanguage\":\"pl-PL\",\"@id\":\"https:\/\/trisko-butik.pl\/#\/schema\/logo\/image\/\",\"url\":\"https:\/\/trisko-butik.pl\/wp-content\/uploads\/2021\/07\/Logo-2.png\",\"contentUrl\":\"https:\/\/trisko-butik.pl\/wp-content\/uploads\/2021\/07\/Logo-2.png\",\"width\":328,\"height\":96,\"caption\":\"Trisko butik\"},\"image\":{\"@id\":\"https:\/\/trisko-butik.pl\/#\/schema\/logo\/image\/\"}}]}<\/script>\n<!-- \/ Yoast SEO plugin. -->","yoast_head_json":{"title":"Sukienka z kapturem i d\u0142u\u017cszym ty\u0142em mi\u0119towa - Trisko butik","robots":{"index":"index","follow":"follow","max-snippet":"max-snippet:-1","max-image-preview":"max-image-preview:large","max-video-preview":"max-video-preview:-1"},"canonical":"https:\/\/trisko-butik.pl\/?product=sukienka-z-kapturem-i-dluzszym-tylem-zielona","og_locale":"pl_PL","og_type":"article","og_title":"Sukienka z kapturem i d\u0142u\u017cszym ty\u0142em mi\u0119towa - Trisko butik","og_description":"Prezentujemy Pa\u0144stwu wygodn\u0105 sukienk\u0119 z kapturem. Sukienka posiada kieszenie oraz d\u0142u\u017cszy ty\u0142. Idealna propozycja dla ka\u017cdej z Pa\u0144. Sukienka wykonana jest z wysokiej jako\u015bci materia\u0142u. Rozmiar jest uniwersalny i b\u0119dzie odpowiedni dla Pa\u0144 nosz\u0105cych rozmiar S, M lub L. Sk\u0142ad materia\u0142u: 90% Bawe\u0142na, 10% Elastan Wymiary: Szeroko\u015b\u0107 pod pachami: 54 cm D\u0142ugo\u015b\u0107 ca\u0142kowita prz\u00f3d: 77 [&hellip;]","og_url":"https:\/\/trisko-butik.pl\/?product=sukienka-z-kapturem-i-dluzszym-tylem-zielona","og_site_name":"Trisko butik","article_modified_time":"2021-08-09T19:21:58+00:00","og_image":[{"width":573,"height":860,"url":"https:\/\/trisko-butik.pl\/wp-content\/uploads\/2021\/08\/pol_pm_Sukienka-z-kapturem-i-dluzszym-tylem-mietowa-19889_2.jpg","type":"image\/jpeg"}],"twitter_card":"summary_large_image","twitter_misc":{"Szacowany czas czytania":"1 minuta"},"schema":{"@context":"https:\/\/schema.org","@graph":[{"@type":"WebPage","@id":"https:\/\/trisko-butik.pl\/?product=sukienka-z-kapturem-i-dluzszym-tylem-zielona","url":"https:\/\/trisko-butik.pl\/?product=sukienka-z-kapturem-i-dluzszym-tylem-zielona","name":"Sukienka z kapturem i d\u0142u\u017cszym ty\u0142em mi\u0119towa - Trisko butik","isPartOf":{"@id":"https:\/\/trisko-butik.pl\/#website"},"primaryImageOfPage":{"@id":"https:\/\/trisko-butik.pl\/?product=sukienka-z-kapturem-i-dluzszym-tylem-zielona#primaryimage"},"image":{"@id":"https:\/\/trisko-butik.pl\/?product=sukienka-z-kapturem-i-dluzszym-tylem-zielona#primaryimage"},"thumbnailUrl":"https:\/\/trisko-butik.pl\/wp-content\/uploads\/2021\/08\/pol_pm_Sukienka-z-kapturem-i-dluzszym-tylem-mietowa-19889_2.jpg","datePublished":"2021-08-09T19:18:18+00:00","dateModified":"2021-08-09T19:21:58+00:00","breadcrumb":{"@id":"https:\/\/trisko-butik.pl\/?product=sukienka-z-kapturem-i-dluzszym-tylem-zielona#breadcrumb"},"inLanguage":"pl-PL","potentialAction":[{"@type":"ReadAction","target":["https:\/\/trisko-butik.pl\/?product=sukienka-z-kapturem-i-dluzszym-tylem-zielona"]}]},{"@type":"ImageObject","inLanguage":"pl-PL","@id":"https:\/\/trisko-butik.pl\/?product=sukienka-z-kapturem-i-dluzszym-tylem-zielona#primaryimage","url":"https:\/\/trisko-butik.pl\/wp-content\/uploads\/2021\/08\/pol_pm_Sukienka-z-kapturem-i-dluzszym-tylem-mietowa-19889_2.jpg","contentUrl":"https:\/\/trisko-butik.pl\/wp-content\/uploads\/2021\/08\/pol_pm_Sukienka-z-kapturem-i-dluzszym-tylem-mietowa-19889_2.jpg","width":573,"height":860},{"@type":"BreadcrumbList","@id":"https:\/\/trisko-butik.pl\/?product=sukienka-z-kapturem-i-dluzszym-tylem-zielona#breadcrumb","itemListElement":[{"@type":"ListItem","position":1,"name":"Sklep","item":"https:\/\/trisko-butik.pl\/?page_id=8"},{"@type":"ListItem","position":2,"name":"Sukienka z kapturem i d\u0142u\u017cszym ty\u0142em mi\u0119towa"}]},{"@type":"WebSite","@id":"https:\/\/trisko-butik.pl\/#website","url":"https:\/\/trisko-butik.pl\/","name":"Trisko butik","description":"","publisher":{"@id":"https:\/\/trisko-butik.pl\/#organization"},"potentialAction":[{"@type":"SearchAction","target":{"@type":"EntryPoint","urlTemplate":"https:\/\/trisko-butik.pl\/?s={search_term_string}"},"query-input":{"@type":"PropertyValueSpecification","valueRequired":true,"valueName":"search_term_string"}}],"inLanguage":"pl-PL"},{"@type":"Organization","@id":"https:\/\/trisko-butik.pl\/#organization","name":"Trisko butik","url":"https:\/\/trisko-butik.pl\/","logo":{"@type":"ImageObject","inLanguage":"pl-PL","@id":"https:\/\/trisko-butik.pl\/#\/schema\/logo\/image\/","url":"https:\/\/trisko-butik.pl\/wp-content\/uploads\/2021\/07\/Logo-2.png","contentUrl":"https:\/\/trisko-butik.pl\/wp-content\/uploads\/2021\/07\/Logo-2.png","width":328,"height":96,"caption":"Trisko butik"},"image":{"@id":"https:\/\/trisko-butik.pl\/#\/schema\/logo\/image\/"}}]}},"_links":{"self":[{"href":"https:\/\/trisko-butik.pl\/index.php?rest_route=\/wp\/v2\/product\/487","targetHints":{"allow":["GET"]}}],"collection":[{"href":"https:\/\/trisko-butik.pl\/index.php?rest_route=\/wp\/v2\/product"}],"about":[{"href":"https:\/\/trisko-butik.pl\/index.php?rest_route=\/wp\/v2\/types\/product"}],"wp:featuredmedia":[{"embeddable":true,"href":"https:\/\/trisko-butik.pl\/index.php?rest_route=\/wp\/v2\/media\/492"}],"wp:attachment":[{"href":"https:\/\/trisko-butik.pl\/index.php?rest_route=%2Fwp%2Fv2%2Fmedia&parent=487"}],"wp:term":[{"taxonomy":"product_brand","embeddable":true,"href":"https:\/\/trisko-butik.pl\/index.php?rest_route=%2Fwp%2Fv2%2Fproduct_brand&post=487"},{"taxonomy":"product_cat","embeddable":true,"href":"https:\/\/trisko-butik.pl\/index.php?rest_route=%2Fwp%2Fv2%2Fproduct_cat&post=487"},{"taxonomy":"product_tag","embeddable":true,"href":"https:\/\/trisko-butik.pl\/index.php?rest_route=%2Fwp%2Fv2%2Fproduct_tag&post=487"}],"curies":[{"name":"wp","href":"https:\/\/api.w.org\/{rel}","templated":true}]}}