{"id":475,"date":"2021-08-09T21:09:24","date_gmt":"2021-08-09T19:09:24","guid":{"rendered":"https:\/\/trisko-butik.pl\/?post_type=product&#038;p=475"},"modified":"2021-10-27T20:22:39","modified_gmt":"2021-10-27T18:22:39","slug":"spodnie-kolorowe-jasny-jeans","status":"publish","type":"product","link":"https:\/\/trisko-butik.pl\/?product=spodnie-kolorowe-jasny-jeans","title":{"rendered":"Spodnie kolorowe jasny jeans"},"content":{"rendered":"<p>Prezentujemy Pa\u0144stwu kolorowe spodnie jeansowe. Spodnie o klasycznym kroju. Spodnie wykonane s\u0105 z wysokiej jako\u015bci materia\u0142u.<\/p>\n<p>Sk\u0142ad materia\u0142u:<\/p>\n<ul>\n<li>75% Bawe\u0142na,<\/li>\n<li>20% Poliester,<\/li>\n<li>5% Elastan<\/li>\n<\/ul>\n<p>Modelka prezentuje rozmiar S<\/p>\n<p>Wymiary w tabeli podane w centymetrach.<\/p>\n<table border=\"#00000\" width=\"516\">\n<tbody>\n<tr>\n<td><\/td>\n<td><strong>S<\/strong><\/td>\n<td><strong>M<\/strong><\/td>\n<td><strong>L<\/strong><\/td>\n<td><strong>XL<\/strong><\/td>\n<td><strong>2XL<\/strong><\/td>\n<td><strong>3XL<\/strong><\/td>\n<\/tr>\n<tr>\n<td>Szeroko\u015b\u0107 w pasie\/po rozci\u0105gni\u0119ciu:<\/td>\n<td>34\/39<\/td>\n<td>36\/41<\/td>\n<td>38\/43<\/td>\n<td>39\/44<\/td>\n<td>40\/45<\/td>\n<td>41\/46<\/td>\n<\/tr>\n<tr>\n<td>D\u0142ugo\u015b\u0107 ca\u0142kowita:<\/td>\n<td>100<\/td>\n<td>100<\/td>\n<td>100<\/td>\n<td>100<\/td>\n<td>100<\/td>\n<td>100<\/td>\n<\/tr>\n<tr>\n<td>D\u0142ugo\u015b\u0107 od kroku:<\/td>\n<td>76<\/td>\n<td>76<\/td>\n<td>76<\/td>\n<td>76<\/td>\n<td>76<\/td>\n<td>76<\/td>\n<\/tr>\n<\/tbody>\n<\/table>\n","protected":false},"excerpt":{"rendered":"<p>Prezentujemy Pa\u0144stwu kolorowe spodnie jeansowe. Spodnie o klasycznym kroju. Spodnie wykonane s\u0105 z wysokiej jako\u015bci materia\u0142u. Sk\u0142ad materia\u0142u: 75% Bawe\u0142na, 20% Poliester, 5% Elastan Modelka prezentuje rozmiar S Wymiary w tabeli podane w centymetrach. S M L XL 2XL 3XL Szeroko\u015b\u0107 w pasie\/po rozci\u0105gni\u0119ciu: 34\/39 36\/41 38\/43 39\/44 40\/45 41\/46 D\u0142ugo\u015b\u0107 ca\u0142kowita: 100 100 100 [&hellip;]<\/p>\n","protected":false},"featured_media":479,"template":"","meta":[],"product_brand":[],"product_cat":[23,34],"product_tag":[],"class_list":{"0":"post-475","1":"product","2":"type-product","3":"status-publish","4":"has-post-thumbnail","6":"product_cat-nowosci","7":"product_cat-spodnie","8":"pa_kolor-niebieski","9":"pa_rozmiar-l","10":"pa_rozmiar-m","12":"first","13":"instock","14":"shipping-taxable","15":"purchasable","16":"product-type-variable"},"yoast_head":"<!-- This site is optimized with the Yoast SEO plugin v24.5 - https:\/\/yoast.com\/wordpress\/plugins\/seo\/ -->\n<title>Spodnie kolorowe jasny jeans - Trisko butik<\/title>\n<meta name=\"robots\" content=\"index, follow, max-snippet:-1, max-image-preview:large, max-video-preview:-1\" \/>\n<link rel=\"canonical\" href=\"https:\/\/trisko-butik.pl\/?product=spodnie-kolorowe-jasny-jeans\" \/>\n<meta property=\"og:locale\" content=\"pl_PL\" \/>\n<meta property=\"og:type\" content=\"article\" \/>\n<meta property=\"og:title\" content=\"Spodnie kolorowe jasny jeans - Trisko butik\" \/>\n<meta property=\"og:description\" content=\"Prezentujemy Pa\u0144stwu kolorowe spodnie jeansowe. Spodnie o klasycznym kroju. Spodnie wykonane s\u0105 z wysokiej jako\u015bci materia\u0142u. Sk\u0142ad materia\u0142u: 75% Bawe\u0142na, 20% Poliester, 5% Elastan Modelka prezentuje rozmiar S Wymiary w tabeli podane w centymetrach. S M L XL 2XL 3XL Szeroko\u015b\u0107 w pasie\/po rozci\u0105gni\u0119ciu: 34\/39 36\/41 38\/43 39\/44 40\/45 41\/46 D\u0142ugo\u015b\u0107 ca\u0142kowita: 100 100 100 [&hellip;]\" \/>\n<meta property=\"og:url\" content=\"https:\/\/trisko-butik.pl\/?product=spodnie-kolorowe-jasny-jeans\" \/>\n<meta property=\"og:site_name\" content=\"Trisko butik\" \/>\n<meta property=\"article:modified_time\" content=\"2021-10-27T18:22:39+00:00\" \/>\n<meta property=\"og:image\" content=\"https:\/\/trisko-butik.pl\/wp-content\/uploads\/2021\/08\/pol_pl_Spodnie-kolorowe-jasny-jeans-17978_4.jpg\" \/>\n\t<meta property=\"og:image:width\" content=\"800\" \/>\n\t<meta property=\"og:image:height\" content=\"1200\" \/>\n\t<meta property=\"og:image:type\" content=\"image\/jpeg\" \/>\n<meta name=\"twitter:card\" content=\"summary_large_image\" \/>\n<meta name=\"twitter:label1\" content=\"Szacowany czas czytania\" \/>\n\t<meta name=\"twitter:data1\" content=\"1 minuta\" \/>\n<script type=\"application\/ld+json\" class=\"yoast-schema-graph\">{\"@context\":\"https:\/\/schema.org\",\"@graph\":[{\"@type\":\"WebPage\",\"@id\":\"https:\/\/trisko-butik.pl\/?product=spodnie-kolorowe-jasny-jeans\",\"url\":\"https:\/\/trisko-butik.pl\/?product=spodnie-kolorowe-jasny-jeans\",\"name\":\"Spodnie kolorowe jasny jeans - Trisko butik\",\"isPartOf\":{\"@id\":\"https:\/\/trisko-butik.pl\/#website\"},\"primaryImageOfPage\":{\"@id\":\"https:\/\/trisko-butik.pl\/?product=spodnie-kolorowe-jasny-jeans#primaryimage\"},\"image\":{\"@id\":\"https:\/\/trisko-butik.pl\/?product=spodnie-kolorowe-jasny-jeans#primaryimage\"},\"thumbnailUrl\":\"https:\/\/trisko-butik.pl\/wp-content\/uploads\/2021\/08\/pol_pl_Spodnie-kolorowe-jasny-jeans-17978_4.jpg\",\"datePublished\":\"2021-08-09T19:09:24+00:00\",\"dateModified\":\"2021-10-27T18:22:39+00:00\",\"breadcrumb\":{\"@id\":\"https:\/\/trisko-butik.pl\/?product=spodnie-kolorowe-jasny-jeans#breadcrumb\"},\"inLanguage\":\"pl-PL\",\"potentialAction\":[{\"@type\":\"ReadAction\",\"target\":[\"https:\/\/trisko-butik.pl\/?product=spodnie-kolorowe-jasny-jeans\"]}]},{\"@type\":\"ImageObject\",\"inLanguage\":\"pl-PL\",\"@id\":\"https:\/\/trisko-butik.pl\/?product=spodnie-kolorowe-jasny-jeans#primaryimage\",\"url\":\"https:\/\/trisko-butik.pl\/wp-content\/uploads\/2021\/08\/pol_pl_Spodnie-kolorowe-jasny-jeans-17978_4.jpg\",\"contentUrl\":\"https:\/\/trisko-butik.pl\/wp-content\/uploads\/2021\/08\/pol_pl_Spodnie-kolorowe-jasny-jeans-17978_4.jpg\",\"width\":800,\"height\":1200},{\"@type\":\"BreadcrumbList\",\"@id\":\"https:\/\/trisko-butik.pl\/?product=spodnie-kolorowe-jasny-jeans#breadcrumb\",\"itemListElement\":[{\"@type\":\"ListItem\",\"position\":1,\"name\":\"Sklep\",\"item\":\"https:\/\/trisko-butik.pl\/?page_id=8\"},{\"@type\":\"ListItem\",\"position\":2,\"name\":\"Spodnie kolorowe jasny jeans\"}]},{\"@type\":\"WebSite\",\"@id\":\"https:\/\/trisko-butik.pl\/#website\",\"url\":\"https:\/\/trisko-butik.pl\/\",\"name\":\"Trisko butik\",\"description\":\"\",\"publisher\":{\"@id\":\"https:\/\/trisko-butik.pl\/#organization\"},\"potentialAction\":[{\"@type\":\"SearchAction\",\"target\":{\"@type\":\"EntryPoint\",\"urlTemplate\":\"https:\/\/trisko-butik.pl\/?s={search_term_string}\"},\"query-input\":{\"@type\":\"PropertyValueSpecification\",\"valueRequired\":true,\"valueName\":\"search_term_string\"}}],\"inLanguage\":\"pl-PL\"},{\"@type\":\"Organization\",\"@id\":\"https:\/\/trisko-butik.pl\/#organization\",\"name\":\"Trisko butik\",\"url\":\"https:\/\/trisko-butik.pl\/\",\"logo\":{\"@type\":\"ImageObject\",\"inLanguage\":\"pl-PL\",\"@id\":\"https:\/\/trisko-butik.pl\/#\/schema\/logo\/image\/\",\"url\":\"https:\/\/trisko-butik.pl\/wp-content\/uploads\/2021\/07\/Logo-2.png\",\"contentUrl\":\"https:\/\/trisko-butik.pl\/wp-content\/uploads\/2021\/07\/Logo-2.png\",\"width\":328,\"height\":96,\"caption\":\"Trisko butik\"},\"image\":{\"@id\":\"https:\/\/trisko-butik.pl\/#\/schema\/logo\/image\/\"}}]}<\/script>\n<!-- \/ Yoast SEO plugin. -->","yoast_head_json":{"title":"Spodnie kolorowe jasny jeans - Trisko butik","robots":{"index":"index","follow":"follow","max-snippet":"max-snippet:-1","max-image-preview":"max-image-preview:large","max-video-preview":"max-video-preview:-1"},"canonical":"https:\/\/trisko-butik.pl\/?product=spodnie-kolorowe-jasny-jeans","og_locale":"pl_PL","og_type":"article","og_title":"Spodnie kolorowe jasny jeans - Trisko butik","og_description":"Prezentujemy Pa\u0144stwu kolorowe spodnie jeansowe. Spodnie o klasycznym kroju. Spodnie wykonane s\u0105 z wysokiej jako\u015bci materia\u0142u. Sk\u0142ad materia\u0142u: 75% Bawe\u0142na, 20% Poliester, 5% Elastan Modelka prezentuje rozmiar S Wymiary w tabeli podane w centymetrach. S M L XL 2XL 3XL Szeroko\u015b\u0107 w pasie\/po rozci\u0105gni\u0119ciu: 34\/39 36\/41 38\/43 39\/44 40\/45 41\/46 D\u0142ugo\u015b\u0107 ca\u0142kowita: 100 100 100 [&hellip;]","og_url":"https:\/\/trisko-butik.pl\/?product=spodnie-kolorowe-jasny-jeans","og_site_name":"Trisko butik","article_modified_time":"2021-10-27T18:22:39+00:00","og_image":[{"width":800,"height":1200,"url":"https:\/\/trisko-butik.pl\/wp-content\/uploads\/2021\/08\/pol_pl_Spodnie-kolorowe-jasny-jeans-17978_4.jpg","type":"image\/jpeg"}],"twitter_card":"summary_large_image","twitter_misc":{"Szacowany czas czytania":"1 minuta"},"schema":{"@context":"https:\/\/schema.org","@graph":[{"@type":"WebPage","@id":"https:\/\/trisko-butik.pl\/?product=spodnie-kolorowe-jasny-jeans","url":"https:\/\/trisko-butik.pl\/?product=spodnie-kolorowe-jasny-jeans","name":"Spodnie kolorowe jasny jeans - Trisko butik","isPartOf":{"@id":"https:\/\/trisko-butik.pl\/#website"},"primaryImageOfPage":{"@id":"https:\/\/trisko-butik.pl\/?product=spodnie-kolorowe-jasny-jeans#primaryimage"},"image":{"@id":"https:\/\/trisko-butik.pl\/?product=spodnie-kolorowe-jasny-jeans#primaryimage"},"thumbnailUrl":"https:\/\/trisko-butik.pl\/wp-content\/uploads\/2021\/08\/pol_pl_Spodnie-kolorowe-jasny-jeans-17978_4.jpg","datePublished":"2021-08-09T19:09:24+00:00","dateModified":"2021-10-27T18:22:39+00:00","breadcrumb":{"@id":"https:\/\/trisko-butik.pl\/?product=spodnie-kolorowe-jasny-jeans#breadcrumb"},"inLanguage":"pl-PL","potentialAction":[{"@type":"ReadAction","target":["https:\/\/trisko-butik.pl\/?product=spodnie-kolorowe-jasny-jeans"]}]},{"@type":"ImageObject","inLanguage":"pl-PL","@id":"https:\/\/trisko-butik.pl\/?product=spodnie-kolorowe-jasny-jeans#primaryimage","url":"https:\/\/trisko-butik.pl\/wp-content\/uploads\/2021\/08\/pol_pl_Spodnie-kolorowe-jasny-jeans-17978_4.jpg","contentUrl":"https:\/\/trisko-butik.pl\/wp-content\/uploads\/2021\/08\/pol_pl_Spodnie-kolorowe-jasny-jeans-17978_4.jpg","width":800,"height":1200},{"@type":"BreadcrumbList","@id":"https:\/\/trisko-butik.pl\/?product=spodnie-kolorowe-jasny-jeans#breadcrumb","itemListElement":[{"@type":"ListItem","position":1,"name":"Sklep","item":"https:\/\/trisko-butik.pl\/?page_id=8"},{"@type":"ListItem","position":2,"name":"Spodnie kolorowe jasny jeans"}]},{"@type":"WebSite","@id":"https:\/\/trisko-butik.pl\/#website","url":"https:\/\/trisko-butik.pl\/","name":"Trisko butik","description":"","publisher":{"@id":"https:\/\/trisko-butik.pl\/#organization"},"potentialAction":[{"@type":"SearchAction","target":{"@type":"EntryPoint","urlTemplate":"https:\/\/trisko-butik.pl\/?s={search_term_string}"},"query-input":{"@type":"PropertyValueSpecification","valueRequired":true,"valueName":"search_term_string"}}],"inLanguage":"pl-PL"},{"@type":"Organization","@id":"https:\/\/trisko-butik.pl\/#organization","name":"Trisko butik","url":"https:\/\/trisko-butik.pl\/","logo":{"@type":"ImageObject","inLanguage":"pl-PL","@id":"https:\/\/trisko-butik.pl\/#\/schema\/logo\/image\/","url":"https:\/\/trisko-butik.pl\/wp-content\/uploads\/2021\/07\/Logo-2.png","contentUrl":"https:\/\/trisko-butik.pl\/wp-content\/uploads\/2021\/07\/Logo-2.png","width":328,"height":96,"caption":"Trisko butik"},"image":{"@id":"https:\/\/trisko-butik.pl\/#\/schema\/logo\/image\/"}}]}},"_links":{"self":[{"href":"https:\/\/trisko-butik.pl\/index.php?rest_route=\/wp\/v2\/product\/475","targetHints":{"allow":["GET"]}}],"collection":[{"href":"https:\/\/trisko-butik.pl\/index.php?rest_route=\/wp\/v2\/product"}],"about":[{"href":"https:\/\/trisko-butik.pl\/index.php?rest_route=\/wp\/v2\/types\/product"}],"wp:featuredmedia":[{"embeddable":true,"href":"https:\/\/trisko-butik.pl\/index.php?rest_route=\/wp\/v2\/media\/479"}],"wp:attachment":[{"href":"https:\/\/trisko-butik.pl\/index.php?rest_route=%2Fwp%2Fv2%2Fmedia&parent=475"}],"wp:term":[{"taxonomy":"product_brand","embeddable":true,"href":"https:\/\/trisko-butik.pl\/index.php?rest_route=%2Fwp%2Fv2%2Fproduct_brand&post=475"},{"taxonomy":"product_cat","embeddable":true,"href":"https:\/\/trisko-butik.pl\/index.php?rest_route=%2Fwp%2Fv2%2Fproduct_cat&post=475"},{"taxonomy":"product_tag","embeddable":true,"href":"https:\/\/trisko-butik.pl\/index.php?rest_route=%2Fwp%2Fv2%2Fproduct_tag&post=475"}],"curies":[{"name":"wp","href":"https:\/\/api.w.org\/{rel}","templated":true}]}}