{"id":469,"date":"2021-08-09T20:49:26","date_gmt":"2021-08-09T18:49:26","guid":{"rendered":"https:\/\/trisko-butik.pl\/?post_type=product&#038;p=469"},"modified":"2021-08-31T13:09:53","modified_gmt":"2021-08-31T11:09:53","slug":"t-shirt-always-kiss-me-good-morning-bialy","status":"publish","type":"product","link":"https:\/\/trisko-butik.pl\/?product=t-shirt-always-kiss-me-good-morning-bialy","title":{"rendered":"T-SHIRT ALWAYS KISS ME GOOD MORNING BIA\u0141Y"},"content":{"rendered":"<p>Rozmiar UNIWERSALNY<\/p>\n<p>D\u0142ugo\u015b\u0107 ca\u0142kowita: 62 cm<\/p>\n<p>Szeroko\u015b\u0107: 47\u00a0 cm<\/p>\n<p>D\u0142ugo\u015b\u0107 r\u0119kawa: 17 cm<\/p>\n<p>Ubrania mierzone na p\u0142asko.<\/p>\n<p>Sk\u0142ad: 94% BAWE\u0141NA 6% ELASTAN<\/p>\n<p>&nbsp;<\/p>\n<p>Modelka ma 174 cm wzrostu.<\/p>\n<p>&nbsp;<\/p>\n<p>Dzianina posiada certyfikaty najwy\u017cszej jako\u015bci:<\/p>\n<p>Certyfikat &#8211; Oeko &#8211; Tex Standard 100 &#8211;\u00a0oznacza to maksymalne bezpiecze\u0144stwo naszych dzianin dla najbardziej wymagaj\u0105cych i\u00a0wra\u017cliwych konsument\u00f3w, czyli niemowl\u0105t i\u00a0dzieci do 3 roku \u017cycia!<\/p>\n<p>Przyjazny dla cz\u0142owieka &#8211;\u00a0oznaczane s\u0105 wy\u0142\u0105cznie wyroby spe\u0142niaj\u0105ce najbardziej rygorystyczne wymogi ekologiczne oraz wytwarzane zgodnie z\u00a0przepisami prawnymi w\u00a0zakresie higieny \u015brodowiska pracy.<\/p>\n<p>Certyfikat &#8211; Bezpieczny dla Dziecka &#8211;\u00a0przyznawany jest jedynie produktom spe\u0142niaj\u0105cym wy\u015brubowane wymogi w\u00a0zakresie bezpiecze\u0144stwa dla najm\u0142odszych dzieci.<\/p>\n","protected":false},"excerpt":{"rendered":"<p>Rozmiar UNIWERSALNY D\u0142ugo\u015b\u0107 ca\u0142kowita: 62 cm Szeroko\u015b\u0107: 47\u00a0 cm D\u0142ugo\u015b\u0107 r\u0119kawa: 17 cm Ubrania mierzone na p\u0142asko. Sk\u0142ad: 94% BAWE\u0141NA 6% ELASTAN &nbsp; Modelka ma 174 cm wzrostu. &nbsp; Dzianina posiada certyfikaty najwy\u017cszej jako\u015bci: Certyfikat &#8211; Oeko &#8211; Tex Standard 100 &#8211;\u00a0oznacza to maksymalne bezpiecze\u0144stwo naszych dzianin dla najbardziej wymagaj\u0105cych i\u00a0wra\u017cliwych konsument\u00f3w, czyli niemowl\u0105t i\u00a0dzieci [&hellip;]<\/p>\n","protected":false},"featured_media":470,"template":"","meta":[],"product_brand":[],"product_cat":[32],"product_tag":[],"class_list":{"0":"post-469","1":"product","2":"type-product","3":"status-publish","4":"has-post-thumbnail","6":"product_cat-bluzki","7":"pa_kolor-bialy","8":"pa_rozmiar-uniwersalny","10":"first","11":"instock","12":"shipping-taxable","13":"purchasable","14":"product-type-simple"},"yoast_head":"<!-- This site is optimized with the Yoast SEO plugin v24.5 - https:\/\/yoast.com\/wordpress\/plugins\/seo\/ -->\n<title>T-SHIRT ALWAYS KISS ME GOOD MORNING BIA\u0141Y - Trisko butik<\/title>\n<meta name=\"robots\" content=\"index, follow, max-snippet:-1, max-image-preview:large, max-video-preview:-1\" \/>\n<link rel=\"canonical\" href=\"https:\/\/trisko-butik.pl\/?product=t-shirt-always-kiss-me-good-morning-bialy\" \/>\n<meta property=\"og:locale\" content=\"pl_PL\" \/>\n<meta property=\"og:type\" content=\"article\" \/>\n<meta property=\"og:title\" content=\"T-SHIRT ALWAYS KISS ME GOOD MORNING BIA\u0141Y - Trisko butik\" \/>\n<meta property=\"og:description\" content=\"Rozmiar UNIWERSALNY D\u0142ugo\u015b\u0107 ca\u0142kowita: 62 cm Szeroko\u015b\u0107: 47\u00a0 cm D\u0142ugo\u015b\u0107 r\u0119kawa: 17 cm Ubrania mierzone na p\u0142asko. Sk\u0142ad: 94% BAWE\u0141NA 6% ELASTAN &nbsp; Modelka ma 174 cm wzrostu. &nbsp; Dzianina posiada certyfikaty najwy\u017cszej jako\u015bci: Certyfikat &#8211; Oeko &#8211; Tex Standard 100 &#8211;\u00a0oznacza to maksymalne bezpiecze\u0144stwo naszych dzianin dla najbardziej wymagaj\u0105cych i\u00a0wra\u017cliwych konsument\u00f3w, czyli niemowl\u0105t i\u00a0dzieci [&hellip;]\" \/>\n<meta property=\"og:url\" content=\"https:\/\/trisko-butik.pl\/?product=t-shirt-always-kiss-me-good-morning-bialy\" \/>\n<meta property=\"og:site_name\" content=\"Trisko butik\" \/>\n<meta property=\"article:modified_time\" content=\"2021-08-31T11:09:53+00:00\" \/>\n<meta property=\"og:image\" content=\"https:\/\/trisko-butik.pl\/wp-content\/uploads\/2021\/08\/2021-05__1620283031-img-4241.jpg\" \/>\n\t<meta property=\"og:image:width\" content=\"1000\" \/>\n\t<meta property=\"og:image:height\" content=\"1333\" \/>\n\t<meta property=\"og:image:type\" content=\"image\/jpeg\" \/>\n<meta name=\"twitter:card\" content=\"summary_large_image\" \/>\n<meta name=\"twitter:label1\" content=\"Szacowany czas czytania\" \/>\n\t<meta name=\"twitter:data1\" content=\"1 minuta\" \/>\n<script type=\"application\/ld+json\" class=\"yoast-schema-graph\">{\"@context\":\"https:\/\/schema.org\",\"@graph\":[{\"@type\":\"WebPage\",\"@id\":\"https:\/\/trisko-butik.pl\/?product=t-shirt-always-kiss-me-good-morning-bialy\",\"url\":\"https:\/\/trisko-butik.pl\/?product=t-shirt-always-kiss-me-good-morning-bialy\",\"name\":\"T-SHIRT ALWAYS KISS ME GOOD MORNING BIA\u0141Y - Trisko butik\",\"isPartOf\":{\"@id\":\"https:\/\/trisko-butik.pl\/#website\"},\"primaryImageOfPage\":{\"@id\":\"https:\/\/trisko-butik.pl\/?product=t-shirt-always-kiss-me-good-morning-bialy#primaryimage\"},\"image\":{\"@id\":\"https:\/\/trisko-butik.pl\/?product=t-shirt-always-kiss-me-good-morning-bialy#primaryimage\"},\"thumbnailUrl\":\"https:\/\/trisko-butik.pl\/wp-content\/uploads\/2021\/08\/2021-05__1620283031-img-4241.jpg\",\"datePublished\":\"2021-08-09T18:49:26+00:00\",\"dateModified\":\"2021-08-31T11:09:53+00:00\",\"breadcrumb\":{\"@id\":\"https:\/\/trisko-butik.pl\/?product=t-shirt-always-kiss-me-good-morning-bialy#breadcrumb\"},\"inLanguage\":\"pl-PL\",\"potentialAction\":[{\"@type\":\"ReadAction\",\"target\":[\"https:\/\/trisko-butik.pl\/?product=t-shirt-always-kiss-me-good-morning-bialy\"]}]},{\"@type\":\"ImageObject\",\"inLanguage\":\"pl-PL\",\"@id\":\"https:\/\/trisko-butik.pl\/?product=t-shirt-always-kiss-me-good-morning-bialy#primaryimage\",\"url\":\"https:\/\/trisko-butik.pl\/wp-content\/uploads\/2021\/08\/2021-05__1620283031-img-4241.jpg\",\"contentUrl\":\"https:\/\/trisko-butik.pl\/wp-content\/uploads\/2021\/08\/2021-05__1620283031-img-4241.jpg\",\"width\":1000,\"height\":1333},{\"@type\":\"BreadcrumbList\",\"@id\":\"https:\/\/trisko-butik.pl\/?product=t-shirt-always-kiss-me-good-morning-bialy#breadcrumb\",\"itemListElement\":[{\"@type\":\"ListItem\",\"position\":1,\"name\":\"Sklep\",\"item\":\"https:\/\/trisko-butik.pl\/?page_id=8\"},{\"@type\":\"ListItem\",\"position\":2,\"name\":\"T-SHIRT ALWAYS KISS ME GOOD MORNING BIA\u0141Y\"}]},{\"@type\":\"WebSite\",\"@id\":\"https:\/\/trisko-butik.pl\/#website\",\"url\":\"https:\/\/trisko-butik.pl\/\",\"name\":\"Trisko butik\",\"description\":\"\",\"publisher\":{\"@id\":\"https:\/\/trisko-butik.pl\/#organization\"},\"potentialAction\":[{\"@type\":\"SearchAction\",\"target\":{\"@type\":\"EntryPoint\",\"urlTemplate\":\"https:\/\/trisko-butik.pl\/?s={search_term_string}\"},\"query-input\":{\"@type\":\"PropertyValueSpecification\",\"valueRequired\":true,\"valueName\":\"search_term_string\"}}],\"inLanguage\":\"pl-PL\"},{\"@type\":\"Organization\",\"@id\":\"https:\/\/trisko-butik.pl\/#organization\",\"name\":\"Trisko butik\",\"url\":\"https:\/\/trisko-butik.pl\/\",\"logo\":{\"@type\":\"ImageObject\",\"inLanguage\":\"pl-PL\",\"@id\":\"https:\/\/trisko-butik.pl\/#\/schema\/logo\/image\/\",\"url\":\"https:\/\/trisko-butik.pl\/wp-content\/uploads\/2021\/07\/Logo-2.png\",\"contentUrl\":\"https:\/\/trisko-butik.pl\/wp-content\/uploads\/2021\/07\/Logo-2.png\",\"width\":328,\"height\":96,\"caption\":\"Trisko butik\"},\"image\":{\"@id\":\"https:\/\/trisko-butik.pl\/#\/schema\/logo\/image\/\"}}]}<\/script>\n<!-- \/ Yoast SEO plugin. -->","yoast_head_json":{"title":"T-SHIRT ALWAYS KISS ME GOOD MORNING BIA\u0141Y - Trisko butik","robots":{"index":"index","follow":"follow","max-snippet":"max-snippet:-1","max-image-preview":"max-image-preview:large","max-video-preview":"max-video-preview:-1"},"canonical":"https:\/\/trisko-butik.pl\/?product=t-shirt-always-kiss-me-good-morning-bialy","og_locale":"pl_PL","og_type":"article","og_title":"T-SHIRT ALWAYS KISS ME GOOD MORNING BIA\u0141Y - Trisko butik","og_description":"Rozmiar UNIWERSALNY D\u0142ugo\u015b\u0107 ca\u0142kowita: 62 cm Szeroko\u015b\u0107: 47\u00a0 cm D\u0142ugo\u015b\u0107 r\u0119kawa: 17 cm Ubrania mierzone na p\u0142asko. Sk\u0142ad: 94% BAWE\u0141NA 6% ELASTAN &nbsp; Modelka ma 174 cm wzrostu. &nbsp; Dzianina posiada certyfikaty najwy\u017cszej jako\u015bci: Certyfikat &#8211; Oeko &#8211; Tex Standard 100 &#8211;\u00a0oznacza to maksymalne bezpiecze\u0144stwo naszych dzianin dla najbardziej wymagaj\u0105cych i\u00a0wra\u017cliwych konsument\u00f3w, czyli niemowl\u0105t i\u00a0dzieci [&hellip;]","og_url":"https:\/\/trisko-butik.pl\/?product=t-shirt-always-kiss-me-good-morning-bialy","og_site_name":"Trisko butik","article_modified_time":"2021-08-31T11:09:53+00:00","og_image":[{"width":1000,"height":1333,"url":"https:\/\/trisko-butik.pl\/wp-content\/uploads\/2021\/08\/2021-05__1620283031-img-4241.jpg","type":"image\/jpeg"}],"twitter_card":"summary_large_image","twitter_misc":{"Szacowany czas czytania":"1 minuta"},"schema":{"@context":"https:\/\/schema.org","@graph":[{"@type":"WebPage","@id":"https:\/\/trisko-butik.pl\/?product=t-shirt-always-kiss-me-good-morning-bialy","url":"https:\/\/trisko-butik.pl\/?product=t-shirt-always-kiss-me-good-morning-bialy","name":"T-SHIRT ALWAYS KISS ME GOOD MORNING BIA\u0141Y - Trisko butik","isPartOf":{"@id":"https:\/\/trisko-butik.pl\/#website"},"primaryImageOfPage":{"@id":"https:\/\/trisko-butik.pl\/?product=t-shirt-always-kiss-me-good-morning-bialy#primaryimage"},"image":{"@id":"https:\/\/trisko-butik.pl\/?product=t-shirt-always-kiss-me-good-morning-bialy#primaryimage"},"thumbnailUrl":"https:\/\/trisko-butik.pl\/wp-content\/uploads\/2021\/08\/2021-05__1620283031-img-4241.jpg","datePublished":"2021-08-09T18:49:26+00:00","dateModified":"2021-08-31T11:09:53+00:00","breadcrumb":{"@id":"https:\/\/trisko-butik.pl\/?product=t-shirt-always-kiss-me-good-morning-bialy#breadcrumb"},"inLanguage":"pl-PL","potentialAction":[{"@type":"ReadAction","target":["https:\/\/trisko-butik.pl\/?product=t-shirt-always-kiss-me-good-morning-bialy"]}]},{"@type":"ImageObject","inLanguage":"pl-PL","@id":"https:\/\/trisko-butik.pl\/?product=t-shirt-always-kiss-me-good-morning-bialy#primaryimage","url":"https:\/\/trisko-butik.pl\/wp-content\/uploads\/2021\/08\/2021-05__1620283031-img-4241.jpg","contentUrl":"https:\/\/trisko-butik.pl\/wp-content\/uploads\/2021\/08\/2021-05__1620283031-img-4241.jpg","width":1000,"height":1333},{"@type":"BreadcrumbList","@id":"https:\/\/trisko-butik.pl\/?product=t-shirt-always-kiss-me-good-morning-bialy#breadcrumb","itemListElement":[{"@type":"ListItem","position":1,"name":"Sklep","item":"https:\/\/trisko-butik.pl\/?page_id=8"},{"@type":"ListItem","position":2,"name":"T-SHIRT ALWAYS KISS ME GOOD MORNING BIA\u0141Y"}]},{"@type":"WebSite","@id":"https:\/\/trisko-butik.pl\/#website","url":"https:\/\/trisko-butik.pl\/","name":"Trisko butik","description":"","publisher":{"@id":"https:\/\/trisko-butik.pl\/#organization"},"potentialAction":[{"@type":"SearchAction","target":{"@type":"EntryPoint","urlTemplate":"https:\/\/trisko-butik.pl\/?s={search_term_string}"},"query-input":{"@type":"PropertyValueSpecification","valueRequired":true,"valueName":"search_term_string"}}],"inLanguage":"pl-PL"},{"@type":"Organization","@id":"https:\/\/trisko-butik.pl\/#organization","name":"Trisko butik","url":"https:\/\/trisko-butik.pl\/","logo":{"@type":"ImageObject","inLanguage":"pl-PL","@id":"https:\/\/trisko-butik.pl\/#\/schema\/logo\/image\/","url":"https:\/\/trisko-butik.pl\/wp-content\/uploads\/2021\/07\/Logo-2.png","contentUrl":"https:\/\/trisko-butik.pl\/wp-content\/uploads\/2021\/07\/Logo-2.png","width":328,"height":96,"caption":"Trisko butik"},"image":{"@id":"https:\/\/trisko-butik.pl\/#\/schema\/logo\/image\/"}}]}},"_links":{"self":[{"href":"https:\/\/trisko-butik.pl\/index.php?rest_route=\/wp\/v2\/product\/469","targetHints":{"allow":["GET"]}}],"collection":[{"href":"https:\/\/trisko-butik.pl\/index.php?rest_route=\/wp\/v2\/product"}],"about":[{"href":"https:\/\/trisko-butik.pl\/index.php?rest_route=\/wp\/v2\/types\/product"}],"wp:featuredmedia":[{"embeddable":true,"href":"https:\/\/trisko-butik.pl\/index.php?rest_route=\/wp\/v2\/media\/470"}],"wp:attachment":[{"href":"https:\/\/trisko-butik.pl\/index.php?rest_route=%2Fwp%2Fv2%2Fmedia&parent=469"}],"wp:term":[{"taxonomy":"product_brand","embeddable":true,"href":"https:\/\/trisko-butik.pl\/index.php?rest_route=%2Fwp%2Fv2%2Fproduct_brand&post=469"},{"taxonomy":"product_cat","embeddable":true,"href":"https:\/\/trisko-butik.pl\/index.php?rest_route=%2Fwp%2Fv2%2Fproduct_cat&post=469"},{"taxonomy":"product_tag","embeddable":true,"href":"https:\/\/trisko-butik.pl\/index.php?rest_route=%2Fwp%2Fv2%2Fproduct_tag&post=469"}],"curies":[{"name":"wp","href":"https:\/\/api.w.org\/{rel}","templated":true}]}}