{"id":462,"date":"2021-08-09T20:41:08","date_gmt":"2021-08-09T18:41:08","guid":{"rendered":"https:\/\/trisko-butik.pl\/?post_type=product&#038;p=462"},"modified":"2021-08-12T18:38:01","modified_gmt":"2021-08-12T16:38:01","slug":"sukienka-letti-puder","status":"publish","type":"product","link":"https:\/\/trisko-butik.pl\/?product=sukienka-letti-puder","title":{"rendered":"SUKIENKA LETTI PUDER"},"content":{"rendered":"<p>Rozmiar XS\/S<\/p>\n<p>D\u0142ugo\u015b\u0107: 99cm<\/p>\n<p>Szeroko\u015b\u0107: 60cm<\/p>\n<p>Ubrania mierzone na p\u0142asko.<\/p>\n<p>Sk\u0142ad: 90% BAWE\u0141NA\u00a010% POLIESTER<\/p>\n<p>&nbsp;<\/p>\n<p>Modelka ma 174 cm wzrostu.<\/p>\n","protected":false},"excerpt":{"rendered":"<p>Rozmiar XS\/S D\u0142ugo\u015b\u0107: 99cm Szeroko\u015b\u0107: 60cm Ubrania mierzone na p\u0142asko. Sk\u0142ad: 90% BAWE\u0141NA\u00a010% POLIESTER &nbsp; Modelka ma 174 cm wzrostu.<\/p>\n","protected":false},"featured_media":463,"template":"","meta":[],"product_brand":[],"product_cat":[23,33],"product_tag":[],"class_list":{"0":"post-462","1":"product","2":"type-product","3":"status-publish","4":"has-post-thumbnail","6":"product_cat-nowosci","7":"product_cat-sukienki","8":"pa_kolor-puder","9":"pa_rozmiar-xs-s","11":"first","12":"instock","13":"shipping-taxable","14":"purchasable","15":"product-type-simple"},"yoast_head":"<!-- This site is optimized with the Yoast SEO plugin v24.5 - https:\/\/yoast.com\/wordpress\/plugins\/seo\/ -->\n<title>SUKIENKA LETTI PUDER - Trisko butik<\/title>\n<meta name=\"robots\" content=\"index, follow, max-snippet:-1, max-image-preview:large, max-video-preview:-1\" \/>\n<link rel=\"canonical\" href=\"https:\/\/trisko-butik.pl\/?product=sukienka-letti-puder\" \/>\n<meta property=\"og:locale\" content=\"pl_PL\" \/>\n<meta property=\"og:type\" content=\"article\" \/>\n<meta property=\"og:title\" content=\"SUKIENKA LETTI PUDER - Trisko butik\" \/>\n<meta property=\"og:description\" content=\"Rozmiar XS\/S D\u0142ugo\u015b\u0107: 99cm Szeroko\u015b\u0107: 60cm Ubrania mierzone na p\u0142asko. Sk\u0142ad: 90% BAWE\u0141NA\u00a010% POLIESTER &nbsp; Modelka ma 174 cm wzrostu.\" \/>\n<meta property=\"og:url\" content=\"https:\/\/trisko-butik.pl\/?product=sukienka-letti-puder\" \/>\n<meta property=\"og:site_name\" content=\"Trisko butik\" \/>\n<meta property=\"article:modified_time\" content=\"2021-08-12T16:38:01+00:00\" \/>\n<meta property=\"og:image\" content=\"https:\/\/trisko-butik.pl\/wp-content\/uploads\/2021\/08\/sekienka-letti-puder.jpg\" \/>\n\t<meta property=\"og:image:width\" content=\"1333\" \/>\n\t<meta property=\"og:image:height\" content=\"2000\" \/>\n\t<meta property=\"og:image:type\" content=\"image\/jpeg\" \/>\n<meta name=\"twitter:card\" content=\"summary_large_image\" \/>\n<meta name=\"twitter:label1\" content=\"Szacowany czas czytania\" \/>\n\t<meta name=\"twitter:data1\" content=\"1 minuta\" \/>\n<script type=\"application\/ld+json\" class=\"yoast-schema-graph\">{\"@context\":\"https:\/\/schema.org\",\"@graph\":[{\"@type\":\"WebPage\",\"@id\":\"https:\/\/trisko-butik.pl\/?product=sukienka-letti-puder\",\"url\":\"https:\/\/trisko-butik.pl\/?product=sukienka-letti-puder\",\"name\":\"SUKIENKA LETTI PUDER - Trisko butik\",\"isPartOf\":{\"@id\":\"https:\/\/trisko-butik.pl\/#website\"},\"primaryImageOfPage\":{\"@id\":\"https:\/\/trisko-butik.pl\/?product=sukienka-letti-puder#primaryimage\"},\"image\":{\"@id\":\"https:\/\/trisko-butik.pl\/?product=sukienka-letti-puder#primaryimage\"},\"thumbnailUrl\":\"https:\/\/trisko-butik.pl\/wp-content\/uploads\/2021\/08\/sekienka-letti-puder.jpg\",\"datePublished\":\"2021-08-09T18:41:08+00:00\",\"dateModified\":\"2021-08-12T16:38:01+00:00\",\"breadcrumb\":{\"@id\":\"https:\/\/trisko-butik.pl\/?product=sukienka-letti-puder#breadcrumb\"},\"inLanguage\":\"pl-PL\",\"potentialAction\":[{\"@type\":\"ReadAction\",\"target\":[\"https:\/\/trisko-butik.pl\/?product=sukienka-letti-puder\"]}]},{\"@type\":\"ImageObject\",\"inLanguage\":\"pl-PL\",\"@id\":\"https:\/\/trisko-butik.pl\/?product=sukienka-letti-puder#primaryimage\",\"url\":\"https:\/\/trisko-butik.pl\/wp-content\/uploads\/2021\/08\/sekienka-letti-puder.jpg\",\"contentUrl\":\"https:\/\/trisko-butik.pl\/wp-content\/uploads\/2021\/08\/sekienka-letti-puder.jpg\",\"width\":1333,\"height\":2000},{\"@type\":\"BreadcrumbList\",\"@id\":\"https:\/\/trisko-butik.pl\/?product=sukienka-letti-puder#breadcrumb\",\"itemListElement\":[{\"@type\":\"ListItem\",\"position\":1,\"name\":\"Sklep\",\"item\":\"https:\/\/trisko-butik.pl\/?page_id=8\"},{\"@type\":\"ListItem\",\"position\":2,\"name\":\"SUKIENKA LETTI PUDER\"}]},{\"@type\":\"WebSite\",\"@id\":\"https:\/\/trisko-butik.pl\/#website\",\"url\":\"https:\/\/trisko-butik.pl\/\",\"name\":\"Trisko butik\",\"description\":\"\",\"publisher\":{\"@id\":\"https:\/\/trisko-butik.pl\/#organization\"},\"potentialAction\":[{\"@type\":\"SearchAction\",\"target\":{\"@type\":\"EntryPoint\",\"urlTemplate\":\"https:\/\/trisko-butik.pl\/?s={search_term_string}\"},\"query-input\":{\"@type\":\"PropertyValueSpecification\",\"valueRequired\":true,\"valueName\":\"search_term_string\"}}],\"inLanguage\":\"pl-PL\"},{\"@type\":\"Organization\",\"@id\":\"https:\/\/trisko-butik.pl\/#organization\",\"name\":\"Trisko butik\",\"url\":\"https:\/\/trisko-butik.pl\/\",\"logo\":{\"@type\":\"ImageObject\",\"inLanguage\":\"pl-PL\",\"@id\":\"https:\/\/trisko-butik.pl\/#\/schema\/logo\/image\/\",\"url\":\"https:\/\/trisko-butik.pl\/wp-content\/uploads\/2021\/07\/Logo-2.png\",\"contentUrl\":\"https:\/\/trisko-butik.pl\/wp-content\/uploads\/2021\/07\/Logo-2.png\",\"width\":328,\"height\":96,\"caption\":\"Trisko butik\"},\"image\":{\"@id\":\"https:\/\/trisko-butik.pl\/#\/schema\/logo\/image\/\"}}]}<\/script>\n<!-- \/ Yoast SEO plugin. -->","yoast_head_json":{"title":"SUKIENKA LETTI PUDER - Trisko butik","robots":{"index":"index","follow":"follow","max-snippet":"max-snippet:-1","max-image-preview":"max-image-preview:large","max-video-preview":"max-video-preview:-1"},"canonical":"https:\/\/trisko-butik.pl\/?product=sukienka-letti-puder","og_locale":"pl_PL","og_type":"article","og_title":"SUKIENKA LETTI PUDER - Trisko butik","og_description":"Rozmiar XS\/S D\u0142ugo\u015b\u0107: 99cm Szeroko\u015b\u0107: 60cm Ubrania mierzone na p\u0142asko. Sk\u0142ad: 90% BAWE\u0141NA\u00a010% POLIESTER &nbsp; Modelka ma 174 cm wzrostu.","og_url":"https:\/\/trisko-butik.pl\/?product=sukienka-letti-puder","og_site_name":"Trisko butik","article_modified_time":"2021-08-12T16:38:01+00:00","og_image":[{"width":1333,"height":2000,"url":"https:\/\/trisko-butik.pl\/wp-content\/uploads\/2021\/08\/sekienka-letti-puder.jpg","type":"image\/jpeg"}],"twitter_card":"summary_large_image","twitter_misc":{"Szacowany czas czytania":"1 minuta"},"schema":{"@context":"https:\/\/schema.org","@graph":[{"@type":"WebPage","@id":"https:\/\/trisko-butik.pl\/?product=sukienka-letti-puder","url":"https:\/\/trisko-butik.pl\/?product=sukienka-letti-puder","name":"SUKIENKA LETTI PUDER - Trisko butik","isPartOf":{"@id":"https:\/\/trisko-butik.pl\/#website"},"primaryImageOfPage":{"@id":"https:\/\/trisko-butik.pl\/?product=sukienka-letti-puder#primaryimage"},"image":{"@id":"https:\/\/trisko-butik.pl\/?product=sukienka-letti-puder#primaryimage"},"thumbnailUrl":"https:\/\/trisko-butik.pl\/wp-content\/uploads\/2021\/08\/sekienka-letti-puder.jpg","datePublished":"2021-08-09T18:41:08+00:00","dateModified":"2021-08-12T16:38:01+00:00","breadcrumb":{"@id":"https:\/\/trisko-butik.pl\/?product=sukienka-letti-puder#breadcrumb"},"inLanguage":"pl-PL","potentialAction":[{"@type":"ReadAction","target":["https:\/\/trisko-butik.pl\/?product=sukienka-letti-puder"]}]},{"@type":"ImageObject","inLanguage":"pl-PL","@id":"https:\/\/trisko-butik.pl\/?product=sukienka-letti-puder#primaryimage","url":"https:\/\/trisko-butik.pl\/wp-content\/uploads\/2021\/08\/sekienka-letti-puder.jpg","contentUrl":"https:\/\/trisko-butik.pl\/wp-content\/uploads\/2021\/08\/sekienka-letti-puder.jpg","width":1333,"height":2000},{"@type":"BreadcrumbList","@id":"https:\/\/trisko-butik.pl\/?product=sukienka-letti-puder#breadcrumb","itemListElement":[{"@type":"ListItem","position":1,"name":"Sklep","item":"https:\/\/trisko-butik.pl\/?page_id=8"},{"@type":"ListItem","position":2,"name":"SUKIENKA LETTI PUDER"}]},{"@type":"WebSite","@id":"https:\/\/trisko-butik.pl\/#website","url":"https:\/\/trisko-butik.pl\/","name":"Trisko butik","description":"","publisher":{"@id":"https:\/\/trisko-butik.pl\/#organization"},"potentialAction":[{"@type":"SearchAction","target":{"@type":"EntryPoint","urlTemplate":"https:\/\/trisko-butik.pl\/?s={search_term_string}"},"query-input":{"@type":"PropertyValueSpecification","valueRequired":true,"valueName":"search_term_string"}}],"inLanguage":"pl-PL"},{"@type":"Organization","@id":"https:\/\/trisko-butik.pl\/#organization","name":"Trisko butik","url":"https:\/\/trisko-butik.pl\/","logo":{"@type":"ImageObject","inLanguage":"pl-PL","@id":"https:\/\/trisko-butik.pl\/#\/schema\/logo\/image\/","url":"https:\/\/trisko-butik.pl\/wp-content\/uploads\/2021\/07\/Logo-2.png","contentUrl":"https:\/\/trisko-butik.pl\/wp-content\/uploads\/2021\/07\/Logo-2.png","width":328,"height":96,"caption":"Trisko butik"},"image":{"@id":"https:\/\/trisko-butik.pl\/#\/schema\/logo\/image\/"}}]}},"_links":{"self":[{"href":"https:\/\/trisko-butik.pl\/index.php?rest_route=\/wp\/v2\/product\/462","targetHints":{"allow":["GET"]}}],"collection":[{"href":"https:\/\/trisko-butik.pl\/index.php?rest_route=\/wp\/v2\/product"}],"about":[{"href":"https:\/\/trisko-butik.pl\/index.php?rest_route=\/wp\/v2\/types\/product"}],"wp:featuredmedia":[{"embeddable":true,"href":"https:\/\/trisko-butik.pl\/index.php?rest_route=\/wp\/v2\/media\/463"}],"wp:attachment":[{"href":"https:\/\/trisko-butik.pl\/index.php?rest_route=%2Fwp%2Fv2%2Fmedia&parent=462"}],"wp:term":[{"taxonomy":"product_brand","embeddable":true,"href":"https:\/\/trisko-butik.pl\/index.php?rest_route=%2Fwp%2Fv2%2Fproduct_brand&post=462"},{"taxonomy":"product_cat","embeddable":true,"href":"https:\/\/trisko-butik.pl\/index.php?rest_route=%2Fwp%2Fv2%2Fproduct_cat&post=462"},{"taxonomy":"product_tag","embeddable":true,"href":"https:\/\/trisko-butik.pl\/index.php?rest_route=%2Fwp%2Fv2%2Fproduct_tag&post=462"}],"curies":[{"name":"wp","href":"https:\/\/api.w.org\/{rel}","templated":true}]}}