{"id":456,"date":"2021-08-09T20:30:28","date_gmt":"2021-08-09T18:30:28","guid":{"rendered":"https:\/\/trisko-butik.pl\/?post_type=product&#038;p=456"},"modified":"2021-08-09T20:30:28","modified_gmt":"2021-08-09T18:30:28","slug":"body-nenci-kamel","status":"publish","type":"product","link":"https:\/\/trisko-butik.pl\/?product=body-nenci-kamel","title":{"rendered":"BODY NENCI KAMEL"},"content":{"rendered":"<p>M\/L<\/p>\n<p>D\u0142ugo\u015b\u0107: 73cm<\/p>\n<p>Szeroko\u015b\u0107: 39cm<\/p>\n<p>D\u0142ugo\u015b\u0107 r\u0119kawa: 59 cm<\/p>\n<p>Sk\u0142ad: 80% BAWE\u0141NA, 20% POLIESTER<\/p>\n<p>Ubrania mierzone na p\u0142asko.<\/p>\n","protected":false},"excerpt":{"rendered":"<p>M\/L D\u0142ugo\u015b\u0107: 73cm Szeroko\u015b\u0107: 39cm D\u0142ugo\u015b\u0107 r\u0119kawa: 59 cm Sk\u0142ad: 80% BAWE\u0141NA, 20% POLIESTER Ubrania mierzone na p\u0142asko.<\/p>\n","protected":false},"featured_media":457,"template":"","meta":[],"product_brand":[],"product_cat":[32],"product_tag":[],"class_list":{"0":"post-456","1":"product","2":"type-product","3":"status-publish","4":"has-post-thumbnail","6":"product_cat-bluzki","7":"pa_kolor-camel","8":"pa_rozmiar-m-l","10":"first","11":"instock","12":"shipping-taxable","13":"purchasable","14":"product-type-simple"},"yoast_head":"<!-- This site is optimized with the Yoast SEO plugin v24.5 - https:\/\/yoast.com\/wordpress\/plugins\/seo\/ -->\n<title>BODY NENCI KAMEL - Trisko butik<\/title>\n<meta name=\"robots\" content=\"index, follow, max-snippet:-1, max-image-preview:large, max-video-preview:-1\" \/>\n<link rel=\"canonical\" href=\"https:\/\/trisko-butik.pl\/?product=body-nenci-kamel\" \/>\n<meta property=\"og:locale\" content=\"pl_PL\" \/>\n<meta property=\"og:type\" content=\"article\" \/>\n<meta property=\"og:title\" content=\"BODY NENCI KAMEL - Trisko butik\" \/>\n<meta property=\"og:description\" content=\"M\/L D\u0142ugo\u015b\u0107: 73cm Szeroko\u015b\u0107: 39cm D\u0142ugo\u015b\u0107 r\u0119kawa: 59 cm Sk\u0142ad: 80% BAWE\u0141NA, 20% POLIESTER Ubrania mierzone na p\u0142asko.\" \/>\n<meta property=\"og:url\" content=\"https:\/\/trisko-butik.pl\/?product=body-nenci-kamel\" \/>\n<meta property=\"og:site_name\" content=\"Trisko butik\" \/>\n<meta property=\"og:image\" content=\"https:\/\/trisko-butik.pl\/wp-content\/uploads\/2021\/08\/body-nancy-camel.jpg\" \/>\n\t<meta property=\"og:image:width\" content=\"1333\" \/>\n\t<meta property=\"og:image:height\" content=\"2000\" \/>\n\t<meta property=\"og:image:type\" content=\"image\/jpeg\" \/>\n<meta name=\"twitter:card\" content=\"summary_large_image\" \/>\n<meta name=\"twitter:label1\" content=\"Szacowany czas czytania\" \/>\n\t<meta name=\"twitter:data1\" content=\"1 minuta\" \/>\n<script type=\"application\/ld+json\" class=\"yoast-schema-graph\">{\"@context\":\"https:\/\/schema.org\",\"@graph\":[{\"@type\":\"WebPage\",\"@id\":\"https:\/\/trisko-butik.pl\/?product=body-nenci-kamel\",\"url\":\"https:\/\/trisko-butik.pl\/?product=body-nenci-kamel\",\"name\":\"BODY NENCI KAMEL - Trisko butik\",\"isPartOf\":{\"@id\":\"https:\/\/trisko-butik.pl\/#website\"},\"primaryImageOfPage\":{\"@id\":\"https:\/\/trisko-butik.pl\/?product=body-nenci-kamel#primaryimage\"},\"image\":{\"@id\":\"https:\/\/trisko-butik.pl\/?product=body-nenci-kamel#primaryimage\"},\"thumbnailUrl\":\"https:\/\/trisko-butik.pl\/wp-content\/uploads\/2021\/08\/body-nancy-camel.jpg\",\"datePublished\":\"2021-08-09T18:30:28+00:00\",\"breadcrumb\":{\"@id\":\"https:\/\/trisko-butik.pl\/?product=body-nenci-kamel#breadcrumb\"},\"inLanguage\":\"pl-PL\",\"potentialAction\":[{\"@type\":\"ReadAction\",\"target\":[\"https:\/\/trisko-butik.pl\/?product=body-nenci-kamel\"]}]},{\"@type\":\"ImageObject\",\"inLanguage\":\"pl-PL\",\"@id\":\"https:\/\/trisko-butik.pl\/?product=body-nenci-kamel#primaryimage\",\"url\":\"https:\/\/trisko-butik.pl\/wp-content\/uploads\/2021\/08\/body-nancy-camel.jpg\",\"contentUrl\":\"https:\/\/trisko-butik.pl\/wp-content\/uploads\/2021\/08\/body-nancy-camel.jpg\",\"width\":1333,\"height\":2000},{\"@type\":\"BreadcrumbList\",\"@id\":\"https:\/\/trisko-butik.pl\/?product=body-nenci-kamel#breadcrumb\",\"itemListElement\":[{\"@type\":\"ListItem\",\"position\":1,\"name\":\"Sklep\",\"item\":\"https:\/\/trisko-butik.pl\/?page_id=8\"},{\"@type\":\"ListItem\",\"position\":2,\"name\":\"BODY NENCI KAMEL\"}]},{\"@type\":\"WebSite\",\"@id\":\"https:\/\/trisko-butik.pl\/#website\",\"url\":\"https:\/\/trisko-butik.pl\/\",\"name\":\"Trisko butik\",\"description\":\"\",\"publisher\":{\"@id\":\"https:\/\/trisko-butik.pl\/#organization\"},\"potentialAction\":[{\"@type\":\"SearchAction\",\"target\":{\"@type\":\"EntryPoint\",\"urlTemplate\":\"https:\/\/trisko-butik.pl\/?s={search_term_string}\"},\"query-input\":{\"@type\":\"PropertyValueSpecification\",\"valueRequired\":true,\"valueName\":\"search_term_string\"}}],\"inLanguage\":\"pl-PL\"},{\"@type\":\"Organization\",\"@id\":\"https:\/\/trisko-butik.pl\/#organization\",\"name\":\"Trisko butik\",\"url\":\"https:\/\/trisko-butik.pl\/\",\"logo\":{\"@type\":\"ImageObject\",\"inLanguage\":\"pl-PL\",\"@id\":\"https:\/\/trisko-butik.pl\/#\/schema\/logo\/image\/\",\"url\":\"https:\/\/trisko-butik.pl\/wp-content\/uploads\/2021\/07\/Logo-2.png\",\"contentUrl\":\"https:\/\/trisko-butik.pl\/wp-content\/uploads\/2021\/07\/Logo-2.png\",\"width\":328,\"height\":96,\"caption\":\"Trisko butik\"},\"image\":{\"@id\":\"https:\/\/trisko-butik.pl\/#\/schema\/logo\/image\/\"}}]}<\/script>\n<!-- \/ Yoast SEO plugin. -->","yoast_head_json":{"title":"BODY NENCI KAMEL - Trisko butik","robots":{"index":"index","follow":"follow","max-snippet":"max-snippet:-1","max-image-preview":"max-image-preview:large","max-video-preview":"max-video-preview:-1"},"canonical":"https:\/\/trisko-butik.pl\/?product=body-nenci-kamel","og_locale":"pl_PL","og_type":"article","og_title":"BODY NENCI KAMEL - Trisko butik","og_description":"M\/L D\u0142ugo\u015b\u0107: 73cm Szeroko\u015b\u0107: 39cm D\u0142ugo\u015b\u0107 r\u0119kawa: 59 cm Sk\u0142ad: 80% BAWE\u0141NA, 20% POLIESTER Ubrania mierzone na p\u0142asko.","og_url":"https:\/\/trisko-butik.pl\/?product=body-nenci-kamel","og_site_name":"Trisko butik","og_image":[{"width":1333,"height":2000,"url":"https:\/\/trisko-butik.pl\/wp-content\/uploads\/2021\/08\/body-nancy-camel.jpg","type":"image\/jpeg"}],"twitter_card":"summary_large_image","twitter_misc":{"Szacowany czas czytania":"1 minuta"},"schema":{"@context":"https:\/\/schema.org","@graph":[{"@type":"WebPage","@id":"https:\/\/trisko-butik.pl\/?product=body-nenci-kamel","url":"https:\/\/trisko-butik.pl\/?product=body-nenci-kamel","name":"BODY NENCI KAMEL - Trisko butik","isPartOf":{"@id":"https:\/\/trisko-butik.pl\/#website"},"primaryImageOfPage":{"@id":"https:\/\/trisko-butik.pl\/?product=body-nenci-kamel#primaryimage"},"image":{"@id":"https:\/\/trisko-butik.pl\/?product=body-nenci-kamel#primaryimage"},"thumbnailUrl":"https:\/\/trisko-butik.pl\/wp-content\/uploads\/2021\/08\/body-nancy-camel.jpg","datePublished":"2021-08-09T18:30:28+00:00","breadcrumb":{"@id":"https:\/\/trisko-butik.pl\/?product=body-nenci-kamel#breadcrumb"},"inLanguage":"pl-PL","potentialAction":[{"@type":"ReadAction","target":["https:\/\/trisko-butik.pl\/?product=body-nenci-kamel"]}]},{"@type":"ImageObject","inLanguage":"pl-PL","@id":"https:\/\/trisko-butik.pl\/?product=body-nenci-kamel#primaryimage","url":"https:\/\/trisko-butik.pl\/wp-content\/uploads\/2021\/08\/body-nancy-camel.jpg","contentUrl":"https:\/\/trisko-butik.pl\/wp-content\/uploads\/2021\/08\/body-nancy-camel.jpg","width":1333,"height":2000},{"@type":"BreadcrumbList","@id":"https:\/\/trisko-butik.pl\/?product=body-nenci-kamel#breadcrumb","itemListElement":[{"@type":"ListItem","position":1,"name":"Sklep","item":"https:\/\/trisko-butik.pl\/?page_id=8"},{"@type":"ListItem","position":2,"name":"BODY NENCI KAMEL"}]},{"@type":"WebSite","@id":"https:\/\/trisko-butik.pl\/#website","url":"https:\/\/trisko-butik.pl\/","name":"Trisko butik","description":"","publisher":{"@id":"https:\/\/trisko-butik.pl\/#organization"},"potentialAction":[{"@type":"SearchAction","target":{"@type":"EntryPoint","urlTemplate":"https:\/\/trisko-butik.pl\/?s={search_term_string}"},"query-input":{"@type":"PropertyValueSpecification","valueRequired":true,"valueName":"search_term_string"}}],"inLanguage":"pl-PL"},{"@type":"Organization","@id":"https:\/\/trisko-butik.pl\/#organization","name":"Trisko butik","url":"https:\/\/trisko-butik.pl\/","logo":{"@type":"ImageObject","inLanguage":"pl-PL","@id":"https:\/\/trisko-butik.pl\/#\/schema\/logo\/image\/","url":"https:\/\/trisko-butik.pl\/wp-content\/uploads\/2021\/07\/Logo-2.png","contentUrl":"https:\/\/trisko-butik.pl\/wp-content\/uploads\/2021\/07\/Logo-2.png","width":328,"height":96,"caption":"Trisko butik"},"image":{"@id":"https:\/\/trisko-butik.pl\/#\/schema\/logo\/image\/"}}]}},"_links":{"self":[{"href":"https:\/\/trisko-butik.pl\/index.php?rest_route=\/wp\/v2\/product\/456","targetHints":{"allow":["GET"]}}],"collection":[{"href":"https:\/\/trisko-butik.pl\/index.php?rest_route=\/wp\/v2\/product"}],"about":[{"href":"https:\/\/trisko-butik.pl\/index.php?rest_route=\/wp\/v2\/types\/product"}],"wp:featuredmedia":[{"embeddable":true,"href":"https:\/\/trisko-butik.pl\/index.php?rest_route=\/wp\/v2\/media\/457"}],"wp:attachment":[{"href":"https:\/\/trisko-butik.pl\/index.php?rest_route=%2Fwp%2Fv2%2Fmedia&parent=456"}],"wp:term":[{"taxonomy":"product_brand","embeddable":true,"href":"https:\/\/trisko-butik.pl\/index.php?rest_route=%2Fwp%2Fv2%2Fproduct_brand&post=456"},{"taxonomy":"product_cat","embeddable":true,"href":"https:\/\/trisko-butik.pl\/index.php?rest_route=%2Fwp%2Fv2%2Fproduct_cat&post=456"},{"taxonomy":"product_tag","embeddable":true,"href":"https:\/\/trisko-butik.pl\/index.php?rest_route=%2Fwp%2Fv2%2Fproduct_tag&post=456"}],"curies":[{"name":"wp","href":"https:\/\/api.w.org\/{rel}","templated":true}]}}