{"id":379,"date":"2021-08-09T15:50:01","date_gmt":"2021-08-09T13:50:01","guid":{"rendered":"https:\/\/trisko-butik.pl\/?post_type=product&#038;p=379"},"modified":"2021-09-03T22:19:58","modified_gmt":"2021-09-03T20:19:58","slug":"t-shirt-double-v-stripes-bezowy","status":"publish","type":"product","link":"https:\/\/trisko-butik.pl\/?product=t-shirt-double-v-stripes-bezowy","title":{"rendered":"T-SHIRT DOUBLE V STRIPES BE\u017bOWY"},"content":{"rendered":"<p>D\u0142ugo\u015b\u0107 ca\u0142kowita prz\u00f3d: 65 cm<\/p>\n<p>D\u0142ugo\u015b\u0107 ca\u0142kowita ty\u0142: 69 cm<\/p>\n<p>Szeroko\u015b\u0107 od pachy do pachy: 57 cm<\/p>\n<p>D\u0142ugo\u015b\u0107 r\u0119kawa: 26 cm<\/p>\n<p>Ubrania mierzone na p\u0142asko.<\/p>\n<p>Sk\u0142ad: 94% BAWE\u0141NA 6% ELASTAN<\/p>\n<p>Modelka ma 174 cm wzrostu.<\/p>\n<p>Dzianina posiada certyfikaty najwy\u017cszej jako\u015bci:<\/p>\n<p>Certyfikat &#8211; Oeko &#8211; Tex Standard 100 &#8211;\u00a0oznacza to maksymalne bezpiecze\u0144stwo naszych dzianin dla najbardziej wymagaj\u0105cych i\u00a0wra\u017cliwych konsument\u00f3w, czyli niemowl\u0105t i\u00a0dzieci do 3 roku \u017cycia!<\/p>\n<p>Przyjazny dla cz\u0142owieka &#8211;\u00a0oznaczane s\u0105 wy\u0142\u0105cznie wyroby spe\u0142niaj\u0105ce najbardziej rygorystyczne wymogi ekologiczne oraz wytwarzane zgodnie z\u00a0przepisami prawnymi w\u00a0zakresie higieny \u015brodowiska pracy.<\/p>\n<p>Certyfikat &#8211; Bezpieczny dla Dziecka &#8211;\u00a0przyznawany jest jedynie produktom spe\u0142niaj\u0105cym wy\u015brubowane wymogi w\u00a0zakresie bezpiecze\u0144stwa dla najm\u0142odszych dzieci.<\/p>\n","protected":false},"excerpt":{"rendered":"<p>D\u0142ugo\u015b\u0107 ca\u0142kowita prz\u00f3d: 65 cm D\u0142ugo\u015b\u0107 ca\u0142kowita ty\u0142: 69 cm Szeroko\u015b\u0107 od pachy do pachy: 57 cm D\u0142ugo\u015b\u0107 r\u0119kawa: 26 cm Ubrania mierzone na p\u0142asko. Sk\u0142ad: 94% BAWE\u0141NA 6% ELASTAN Modelka ma 174 cm wzrostu. Dzianina posiada certyfikaty najwy\u017cszej jako\u015bci: Certyfikat &#8211; Oeko &#8211; Tex Standard 100 &#8211;\u00a0oznacza to maksymalne bezpiecze\u0144stwo naszych dzianin dla najbardziej [&hellip;]<\/p>\n","protected":false},"featured_media":380,"template":"","meta":[],"product_brand":[],"product_cat":[22,32],"product_tag":[],"class_list":{"0":"post-379","1":"product","2":"type-product","3":"status-publish","4":"has-post-thumbnail","6":"product_cat-wyprzedaz","7":"product_cat-bluzki","8":"pa_rozmiar-m-l","10":"first","11":"outofstock","12":"sale","13":"shipping-taxable","14":"purchasable","15":"product-type-simple"},"yoast_head":"<!-- This site is optimized with the Yoast SEO plugin v24.5 - https:\/\/yoast.com\/wordpress\/plugins\/seo\/ -->\n<title>T-SHIRT DOUBLE V STRIPES BE\u017bOWY - Trisko butik<\/title>\n<meta name=\"robots\" content=\"index, follow, max-snippet:-1, max-image-preview:large, max-video-preview:-1\" \/>\n<link rel=\"canonical\" href=\"https:\/\/trisko-butik.pl\/?product=t-shirt-double-v-stripes-bezowy\" \/>\n<meta property=\"og:locale\" content=\"pl_PL\" \/>\n<meta property=\"og:type\" content=\"article\" \/>\n<meta property=\"og:title\" content=\"T-SHIRT DOUBLE V STRIPES BE\u017bOWY - Trisko butik\" \/>\n<meta property=\"og:description\" content=\"D\u0142ugo\u015b\u0107 ca\u0142kowita prz\u00f3d: 65 cm D\u0142ugo\u015b\u0107 ca\u0142kowita ty\u0142: 69 cm Szeroko\u015b\u0107 od pachy do pachy: 57 cm D\u0142ugo\u015b\u0107 r\u0119kawa: 26 cm Ubrania mierzone na p\u0142asko. Sk\u0142ad: 94% BAWE\u0141NA 6% ELASTAN Modelka ma 174 cm wzrostu. Dzianina posiada certyfikaty najwy\u017cszej jako\u015bci: Certyfikat &#8211; Oeko &#8211; Tex Standard 100 &#8211;\u00a0oznacza to maksymalne bezpiecze\u0144stwo naszych dzianin dla najbardziej [&hellip;]\" \/>\n<meta property=\"og:url\" content=\"https:\/\/trisko-butik.pl\/?product=t-shirt-double-v-stripes-bezowy\" \/>\n<meta property=\"og:site_name\" content=\"Trisko butik\" \/>\n<meta property=\"article:modified_time\" content=\"2021-09-03T20:19:58+00:00\" \/>\n<meta property=\"og:image\" content=\"https:\/\/trisko-butik.pl\/wp-content\/uploads\/2021\/08\/2021-05__1621492613-img-5655.jpg\" \/>\n\t<meta property=\"og:image:width\" content=\"1000\" \/>\n\t<meta property=\"og:image:height\" content=\"1333\" \/>\n\t<meta property=\"og:image:type\" content=\"image\/jpeg\" \/>\n<meta name=\"twitter:card\" content=\"summary_large_image\" \/>\n<meta name=\"twitter:label1\" content=\"Szacowany czas czytania\" \/>\n\t<meta name=\"twitter:data1\" content=\"1 minuta\" \/>\n<script type=\"application\/ld+json\" class=\"yoast-schema-graph\">{\"@context\":\"https:\/\/schema.org\",\"@graph\":[{\"@type\":\"WebPage\",\"@id\":\"https:\/\/trisko-butik.pl\/?product=t-shirt-double-v-stripes-bezowy\",\"url\":\"https:\/\/trisko-butik.pl\/?product=t-shirt-double-v-stripes-bezowy\",\"name\":\"T-SHIRT DOUBLE V STRIPES BE\u017bOWY - Trisko butik\",\"isPartOf\":{\"@id\":\"https:\/\/trisko-butik.pl\/#website\"},\"primaryImageOfPage\":{\"@id\":\"https:\/\/trisko-butik.pl\/?product=t-shirt-double-v-stripes-bezowy#primaryimage\"},\"image\":{\"@id\":\"https:\/\/trisko-butik.pl\/?product=t-shirt-double-v-stripes-bezowy#primaryimage\"},\"thumbnailUrl\":\"https:\/\/trisko-butik.pl\/wp-content\/uploads\/2021\/08\/2021-05__1621492613-img-5655.jpg\",\"datePublished\":\"2021-08-09T13:50:01+00:00\",\"dateModified\":\"2021-09-03T20:19:58+00:00\",\"breadcrumb\":{\"@id\":\"https:\/\/trisko-butik.pl\/?product=t-shirt-double-v-stripes-bezowy#breadcrumb\"},\"inLanguage\":\"pl-PL\",\"potentialAction\":[{\"@type\":\"ReadAction\",\"target\":[\"https:\/\/trisko-butik.pl\/?product=t-shirt-double-v-stripes-bezowy\"]}]},{\"@type\":\"ImageObject\",\"inLanguage\":\"pl-PL\",\"@id\":\"https:\/\/trisko-butik.pl\/?product=t-shirt-double-v-stripes-bezowy#primaryimage\",\"url\":\"https:\/\/trisko-butik.pl\/wp-content\/uploads\/2021\/08\/2021-05__1621492613-img-5655.jpg\",\"contentUrl\":\"https:\/\/trisko-butik.pl\/wp-content\/uploads\/2021\/08\/2021-05__1621492613-img-5655.jpg\",\"width\":1000,\"height\":1333},{\"@type\":\"BreadcrumbList\",\"@id\":\"https:\/\/trisko-butik.pl\/?product=t-shirt-double-v-stripes-bezowy#breadcrumb\",\"itemListElement\":[{\"@type\":\"ListItem\",\"position\":1,\"name\":\"Sklep\",\"item\":\"https:\/\/trisko-butik.pl\/?page_id=8\"},{\"@type\":\"ListItem\",\"position\":2,\"name\":\"T-SHIRT DOUBLE V STRIPES BE\u017bOWY\"}]},{\"@type\":\"WebSite\",\"@id\":\"https:\/\/trisko-butik.pl\/#website\",\"url\":\"https:\/\/trisko-butik.pl\/\",\"name\":\"Trisko butik\",\"description\":\"\",\"publisher\":{\"@id\":\"https:\/\/trisko-butik.pl\/#organization\"},\"potentialAction\":[{\"@type\":\"SearchAction\",\"target\":{\"@type\":\"EntryPoint\",\"urlTemplate\":\"https:\/\/trisko-butik.pl\/?s={search_term_string}\"},\"query-input\":{\"@type\":\"PropertyValueSpecification\",\"valueRequired\":true,\"valueName\":\"search_term_string\"}}],\"inLanguage\":\"pl-PL\"},{\"@type\":\"Organization\",\"@id\":\"https:\/\/trisko-butik.pl\/#organization\",\"name\":\"Trisko butik\",\"url\":\"https:\/\/trisko-butik.pl\/\",\"logo\":{\"@type\":\"ImageObject\",\"inLanguage\":\"pl-PL\",\"@id\":\"https:\/\/trisko-butik.pl\/#\/schema\/logo\/image\/\",\"url\":\"https:\/\/trisko-butik.pl\/wp-content\/uploads\/2021\/07\/Logo-2.png\",\"contentUrl\":\"https:\/\/trisko-butik.pl\/wp-content\/uploads\/2021\/07\/Logo-2.png\",\"width\":328,\"height\":96,\"caption\":\"Trisko butik\"},\"image\":{\"@id\":\"https:\/\/trisko-butik.pl\/#\/schema\/logo\/image\/\"}}]}<\/script>\n<!-- \/ Yoast SEO plugin. -->","yoast_head_json":{"title":"T-SHIRT DOUBLE V STRIPES BE\u017bOWY - Trisko butik","robots":{"index":"index","follow":"follow","max-snippet":"max-snippet:-1","max-image-preview":"max-image-preview:large","max-video-preview":"max-video-preview:-1"},"canonical":"https:\/\/trisko-butik.pl\/?product=t-shirt-double-v-stripes-bezowy","og_locale":"pl_PL","og_type":"article","og_title":"T-SHIRT DOUBLE V STRIPES BE\u017bOWY - Trisko butik","og_description":"D\u0142ugo\u015b\u0107 ca\u0142kowita prz\u00f3d: 65 cm D\u0142ugo\u015b\u0107 ca\u0142kowita ty\u0142: 69 cm Szeroko\u015b\u0107 od pachy do pachy: 57 cm D\u0142ugo\u015b\u0107 r\u0119kawa: 26 cm Ubrania mierzone na p\u0142asko. Sk\u0142ad: 94% BAWE\u0141NA 6% ELASTAN Modelka ma 174 cm wzrostu. Dzianina posiada certyfikaty najwy\u017cszej jako\u015bci: Certyfikat &#8211; Oeko &#8211; Tex Standard 100 &#8211;\u00a0oznacza to maksymalne bezpiecze\u0144stwo naszych dzianin dla najbardziej [&hellip;]","og_url":"https:\/\/trisko-butik.pl\/?product=t-shirt-double-v-stripes-bezowy","og_site_name":"Trisko butik","article_modified_time":"2021-09-03T20:19:58+00:00","og_image":[{"width":1000,"height":1333,"url":"https:\/\/trisko-butik.pl\/wp-content\/uploads\/2021\/08\/2021-05__1621492613-img-5655.jpg","type":"image\/jpeg"}],"twitter_card":"summary_large_image","twitter_misc":{"Szacowany czas czytania":"1 minuta"},"schema":{"@context":"https:\/\/schema.org","@graph":[{"@type":"WebPage","@id":"https:\/\/trisko-butik.pl\/?product=t-shirt-double-v-stripes-bezowy","url":"https:\/\/trisko-butik.pl\/?product=t-shirt-double-v-stripes-bezowy","name":"T-SHIRT DOUBLE V STRIPES BE\u017bOWY - Trisko butik","isPartOf":{"@id":"https:\/\/trisko-butik.pl\/#website"},"primaryImageOfPage":{"@id":"https:\/\/trisko-butik.pl\/?product=t-shirt-double-v-stripes-bezowy#primaryimage"},"image":{"@id":"https:\/\/trisko-butik.pl\/?product=t-shirt-double-v-stripes-bezowy#primaryimage"},"thumbnailUrl":"https:\/\/trisko-butik.pl\/wp-content\/uploads\/2021\/08\/2021-05__1621492613-img-5655.jpg","datePublished":"2021-08-09T13:50:01+00:00","dateModified":"2021-09-03T20:19:58+00:00","breadcrumb":{"@id":"https:\/\/trisko-butik.pl\/?product=t-shirt-double-v-stripes-bezowy#breadcrumb"},"inLanguage":"pl-PL","potentialAction":[{"@type":"ReadAction","target":["https:\/\/trisko-butik.pl\/?product=t-shirt-double-v-stripes-bezowy"]}]},{"@type":"ImageObject","inLanguage":"pl-PL","@id":"https:\/\/trisko-butik.pl\/?product=t-shirt-double-v-stripes-bezowy#primaryimage","url":"https:\/\/trisko-butik.pl\/wp-content\/uploads\/2021\/08\/2021-05__1621492613-img-5655.jpg","contentUrl":"https:\/\/trisko-butik.pl\/wp-content\/uploads\/2021\/08\/2021-05__1621492613-img-5655.jpg","width":1000,"height":1333},{"@type":"BreadcrumbList","@id":"https:\/\/trisko-butik.pl\/?product=t-shirt-double-v-stripes-bezowy#breadcrumb","itemListElement":[{"@type":"ListItem","position":1,"name":"Sklep","item":"https:\/\/trisko-butik.pl\/?page_id=8"},{"@type":"ListItem","position":2,"name":"T-SHIRT DOUBLE V STRIPES BE\u017bOWY"}]},{"@type":"WebSite","@id":"https:\/\/trisko-butik.pl\/#website","url":"https:\/\/trisko-butik.pl\/","name":"Trisko butik","description":"","publisher":{"@id":"https:\/\/trisko-butik.pl\/#organization"},"potentialAction":[{"@type":"SearchAction","target":{"@type":"EntryPoint","urlTemplate":"https:\/\/trisko-butik.pl\/?s={search_term_string}"},"query-input":{"@type":"PropertyValueSpecification","valueRequired":true,"valueName":"search_term_string"}}],"inLanguage":"pl-PL"},{"@type":"Organization","@id":"https:\/\/trisko-butik.pl\/#organization","name":"Trisko butik","url":"https:\/\/trisko-butik.pl\/","logo":{"@type":"ImageObject","inLanguage":"pl-PL","@id":"https:\/\/trisko-butik.pl\/#\/schema\/logo\/image\/","url":"https:\/\/trisko-butik.pl\/wp-content\/uploads\/2021\/07\/Logo-2.png","contentUrl":"https:\/\/trisko-butik.pl\/wp-content\/uploads\/2021\/07\/Logo-2.png","width":328,"height":96,"caption":"Trisko butik"},"image":{"@id":"https:\/\/trisko-butik.pl\/#\/schema\/logo\/image\/"}}]}},"_links":{"self":[{"href":"https:\/\/trisko-butik.pl\/index.php?rest_route=\/wp\/v2\/product\/379","targetHints":{"allow":["GET"]}}],"collection":[{"href":"https:\/\/trisko-butik.pl\/index.php?rest_route=\/wp\/v2\/product"}],"about":[{"href":"https:\/\/trisko-butik.pl\/index.php?rest_route=\/wp\/v2\/types\/product"}],"wp:featuredmedia":[{"embeddable":true,"href":"https:\/\/trisko-butik.pl\/index.php?rest_route=\/wp\/v2\/media\/380"}],"wp:attachment":[{"href":"https:\/\/trisko-butik.pl\/index.php?rest_route=%2Fwp%2Fv2%2Fmedia&parent=379"}],"wp:term":[{"taxonomy":"product_brand","embeddable":true,"href":"https:\/\/trisko-butik.pl\/index.php?rest_route=%2Fwp%2Fv2%2Fproduct_brand&post=379"},{"taxonomy":"product_cat","embeddable":true,"href":"https:\/\/trisko-butik.pl\/index.php?rest_route=%2Fwp%2Fv2%2Fproduct_cat&post=379"},{"taxonomy":"product_tag","embeddable":true,"href":"https:\/\/trisko-butik.pl\/index.php?rest_route=%2Fwp%2Fv2%2Fproduct_tag&post=379"}],"curies":[{"name":"wp","href":"https:\/\/api.w.org\/{rel}","templated":true}]}}