{"id":374,"date":"2021-08-09T15:43:28","date_gmt":"2021-08-09T13:43:28","guid":{"rendered":"https:\/\/trisko-butik.pl\/?post_type=product&#038;p=374"},"modified":"2021-09-13T19:07:08","modified_gmt":"2021-09-13T17:07:08","slug":"sweter-v-classic-mocca","status":"publish","type":"product","link":"https:\/\/trisko-butik.pl\/?product=sweter-v-classic-mocca","title":{"rendered":"Sweter V- classic mocca"},"content":{"rendered":"","protected":false},"excerpt":{"rendered":"<p>Rozmiar UNIWERSALNY.<\/p>\n<p>D\u0142ugo\u015b\u0107 ca\u0142kowita: 61 cm<\/p>\n<p>Szeroko\u015b\u0107 od pachy do pachy: 55 cm<\/p>\n<p>D\u0142ugo\u015b\u0107 r\u0119kawa:\u00a041 cm<\/p>\n<p>Ubrania mierzone na p\u0142asko.<\/p>\n<p>Sk\u0142ad: 87% AKRYL 5% POLIAMID 8% WE\u0141NA<\/p>\n<p>&nbsp;<\/p>\n<p>Modelka ma 174 cm wzrostu.<\/p>\n","protected":false},"featured_media":376,"template":"","meta":[],"product_brand":[],"product_cat":[22,38],"product_tag":[],"class_list":{"0":"post-374","1":"product","2":"type-product","3":"status-publish","4":"has-post-thumbnail","6":"product_cat-wyprzedaz","7":"product_cat-swetry","8":"pa_kolor-mocca","9":"pa_rozmiar-uniwersalny","11":"first","12":"outofstock","13":"sale","14":"shipping-taxable","15":"purchasable","16":"product-type-simple"},"yoast_head":"<!-- This site is optimized with the Yoast SEO plugin v24.5 - https:\/\/yoast.com\/wordpress\/plugins\/seo\/ -->\n<title>Sweter V- classic mocca - Trisko butik<\/title>\n<meta name=\"robots\" content=\"index, follow, max-snippet:-1, max-image-preview:large, max-video-preview:-1\" \/>\n<link rel=\"canonical\" href=\"https:\/\/trisko-butik.pl\/?product=sweter-v-classic-mocca\" \/>\n<meta property=\"og:locale\" content=\"pl_PL\" \/>\n<meta property=\"og:type\" content=\"article\" \/>\n<meta property=\"og:title\" content=\"Sweter V- classic mocca - Trisko butik\" \/>\n<meta property=\"og:description\" content=\"Rozmiar UNIWERSALNY.  D\u0142ugo\u015b\u0107 ca\u0142kowita: 61 cm  Szeroko\u015b\u0107 od pachy do pachy: 55 cm  D\u0142ugo\u015b\u0107 r\u0119kawa:\u00a041 cm  Ubrania mierzone na p\u0142asko.  Sk\u0142ad: 87% AKRYL 5% POLIAMID 8% WE\u0141NA  &nbsp;  Modelka ma 174 cm wzrostu.\" \/>\n<meta property=\"og:url\" content=\"https:\/\/trisko-butik.pl\/?product=sweter-v-classic-mocca\" \/>\n<meta property=\"og:site_name\" content=\"Trisko butik\" \/>\n<meta property=\"article:modified_time\" content=\"2021-09-13T17:07:08+00:00\" \/>\n<meta property=\"og:image\" content=\"https:\/\/trisko-butik.pl\/wp-content\/uploads\/2021\/08\/2020-09__1600325976-img-8140.jpg\" \/>\n\t<meta property=\"og:image:width\" content=\"1000\" \/>\n\t<meta property=\"og:image:height\" content=\"1333\" \/>\n\t<meta property=\"og:image:type\" content=\"image\/jpeg\" \/>\n<meta name=\"twitter:card\" content=\"summary_large_image\" \/>\n<script type=\"application\/ld+json\" class=\"yoast-schema-graph\">{\"@context\":\"https:\/\/schema.org\",\"@graph\":[{\"@type\":\"WebPage\",\"@id\":\"https:\/\/trisko-butik.pl\/?product=sweter-v-classic-mocca\",\"url\":\"https:\/\/trisko-butik.pl\/?product=sweter-v-classic-mocca\",\"name\":\"Sweter V- classic mocca - Trisko butik\",\"isPartOf\":{\"@id\":\"https:\/\/trisko-butik.pl\/#website\"},\"primaryImageOfPage\":{\"@id\":\"https:\/\/trisko-butik.pl\/?product=sweter-v-classic-mocca#primaryimage\"},\"image\":{\"@id\":\"https:\/\/trisko-butik.pl\/?product=sweter-v-classic-mocca#primaryimage\"},\"thumbnailUrl\":\"https:\/\/trisko-butik.pl\/wp-content\/uploads\/2021\/08\/2020-09__1600325976-img-8140.jpg\",\"datePublished\":\"2021-08-09T13:43:28+00:00\",\"dateModified\":\"2021-09-13T17:07:08+00:00\",\"breadcrumb\":{\"@id\":\"https:\/\/trisko-butik.pl\/?product=sweter-v-classic-mocca#breadcrumb\"},\"inLanguage\":\"pl-PL\",\"potentialAction\":[{\"@type\":\"ReadAction\",\"target\":[\"https:\/\/trisko-butik.pl\/?product=sweter-v-classic-mocca\"]}]},{\"@type\":\"ImageObject\",\"inLanguage\":\"pl-PL\",\"@id\":\"https:\/\/trisko-butik.pl\/?product=sweter-v-classic-mocca#primaryimage\",\"url\":\"https:\/\/trisko-butik.pl\/wp-content\/uploads\/2021\/08\/2020-09__1600325976-img-8140.jpg\",\"contentUrl\":\"https:\/\/trisko-butik.pl\/wp-content\/uploads\/2021\/08\/2020-09__1600325976-img-8140.jpg\",\"width\":1000,\"height\":1333},{\"@type\":\"BreadcrumbList\",\"@id\":\"https:\/\/trisko-butik.pl\/?product=sweter-v-classic-mocca#breadcrumb\",\"itemListElement\":[{\"@type\":\"ListItem\",\"position\":1,\"name\":\"Sklep\",\"item\":\"https:\/\/trisko-butik.pl\/?page_id=8\"},{\"@type\":\"ListItem\",\"position\":2,\"name\":\"Sweter V- classic mocca\"}]},{\"@type\":\"WebSite\",\"@id\":\"https:\/\/trisko-butik.pl\/#website\",\"url\":\"https:\/\/trisko-butik.pl\/\",\"name\":\"Trisko butik\",\"description\":\"\",\"publisher\":{\"@id\":\"https:\/\/trisko-butik.pl\/#organization\"},\"potentialAction\":[{\"@type\":\"SearchAction\",\"target\":{\"@type\":\"EntryPoint\",\"urlTemplate\":\"https:\/\/trisko-butik.pl\/?s={search_term_string}\"},\"query-input\":{\"@type\":\"PropertyValueSpecification\",\"valueRequired\":true,\"valueName\":\"search_term_string\"}}],\"inLanguage\":\"pl-PL\"},{\"@type\":\"Organization\",\"@id\":\"https:\/\/trisko-butik.pl\/#organization\",\"name\":\"Trisko butik\",\"url\":\"https:\/\/trisko-butik.pl\/\",\"logo\":{\"@type\":\"ImageObject\",\"inLanguage\":\"pl-PL\",\"@id\":\"https:\/\/trisko-butik.pl\/#\/schema\/logo\/image\/\",\"url\":\"https:\/\/trisko-butik.pl\/wp-content\/uploads\/2021\/07\/Logo-2.png\",\"contentUrl\":\"https:\/\/trisko-butik.pl\/wp-content\/uploads\/2021\/07\/Logo-2.png\",\"width\":328,\"height\":96,\"caption\":\"Trisko butik\"},\"image\":{\"@id\":\"https:\/\/trisko-butik.pl\/#\/schema\/logo\/image\/\"}}]}<\/script>\n<!-- \/ Yoast SEO plugin. -->","yoast_head_json":{"title":"Sweter V- classic mocca - Trisko butik","robots":{"index":"index","follow":"follow","max-snippet":"max-snippet:-1","max-image-preview":"max-image-preview:large","max-video-preview":"max-video-preview:-1"},"canonical":"https:\/\/trisko-butik.pl\/?product=sweter-v-classic-mocca","og_locale":"pl_PL","og_type":"article","og_title":"Sweter V- classic mocca - Trisko butik","og_description":"Rozmiar UNIWERSALNY.  D\u0142ugo\u015b\u0107 ca\u0142kowita: 61 cm  Szeroko\u015b\u0107 od pachy do pachy: 55 cm  D\u0142ugo\u015b\u0107 r\u0119kawa:\u00a041 cm  Ubrania mierzone na p\u0142asko.  Sk\u0142ad: 87% AKRYL 5% POLIAMID 8% WE\u0141NA  &nbsp;  Modelka ma 174 cm wzrostu.","og_url":"https:\/\/trisko-butik.pl\/?product=sweter-v-classic-mocca","og_site_name":"Trisko butik","article_modified_time":"2021-09-13T17:07:08+00:00","og_image":[{"width":1000,"height":1333,"url":"https:\/\/trisko-butik.pl\/wp-content\/uploads\/2021\/08\/2020-09__1600325976-img-8140.jpg","type":"image\/jpeg"}],"twitter_card":"summary_large_image","schema":{"@context":"https:\/\/schema.org","@graph":[{"@type":"WebPage","@id":"https:\/\/trisko-butik.pl\/?product=sweter-v-classic-mocca","url":"https:\/\/trisko-butik.pl\/?product=sweter-v-classic-mocca","name":"Sweter V- classic mocca - Trisko butik","isPartOf":{"@id":"https:\/\/trisko-butik.pl\/#website"},"primaryImageOfPage":{"@id":"https:\/\/trisko-butik.pl\/?product=sweter-v-classic-mocca#primaryimage"},"image":{"@id":"https:\/\/trisko-butik.pl\/?product=sweter-v-classic-mocca#primaryimage"},"thumbnailUrl":"https:\/\/trisko-butik.pl\/wp-content\/uploads\/2021\/08\/2020-09__1600325976-img-8140.jpg","datePublished":"2021-08-09T13:43:28+00:00","dateModified":"2021-09-13T17:07:08+00:00","breadcrumb":{"@id":"https:\/\/trisko-butik.pl\/?product=sweter-v-classic-mocca#breadcrumb"},"inLanguage":"pl-PL","potentialAction":[{"@type":"ReadAction","target":["https:\/\/trisko-butik.pl\/?product=sweter-v-classic-mocca"]}]},{"@type":"ImageObject","inLanguage":"pl-PL","@id":"https:\/\/trisko-butik.pl\/?product=sweter-v-classic-mocca#primaryimage","url":"https:\/\/trisko-butik.pl\/wp-content\/uploads\/2021\/08\/2020-09__1600325976-img-8140.jpg","contentUrl":"https:\/\/trisko-butik.pl\/wp-content\/uploads\/2021\/08\/2020-09__1600325976-img-8140.jpg","width":1000,"height":1333},{"@type":"BreadcrumbList","@id":"https:\/\/trisko-butik.pl\/?product=sweter-v-classic-mocca#breadcrumb","itemListElement":[{"@type":"ListItem","position":1,"name":"Sklep","item":"https:\/\/trisko-butik.pl\/?page_id=8"},{"@type":"ListItem","position":2,"name":"Sweter V- classic mocca"}]},{"@type":"WebSite","@id":"https:\/\/trisko-butik.pl\/#website","url":"https:\/\/trisko-butik.pl\/","name":"Trisko butik","description":"","publisher":{"@id":"https:\/\/trisko-butik.pl\/#organization"},"potentialAction":[{"@type":"SearchAction","target":{"@type":"EntryPoint","urlTemplate":"https:\/\/trisko-butik.pl\/?s={search_term_string}"},"query-input":{"@type":"PropertyValueSpecification","valueRequired":true,"valueName":"search_term_string"}}],"inLanguage":"pl-PL"},{"@type":"Organization","@id":"https:\/\/trisko-butik.pl\/#organization","name":"Trisko butik","url":"https:\/\/trisko-butik.pl\/","logo":{"@type":"ImageObject","inLanguage":"pl-PL","@id":"https:\/\/trisko-butik.pl\/#\/schema\/logo\/image\/","url":"https:\/\/trisko-butik.pl\/wp-content\/uploads\/2021\/07\/Logo-2.png","contentUrl":"https:\/\/trisko-butik.pl\/wp-content\/uploads\/2021\/07\/Logo-2.png","width":328,"height":96,"caption":"Trisko butik"},"image":{"@id":"https:\/\/trisko-butik.pl\/#\/schema\/logo\/image\/"}}]}},"_links":{"self":[{"href":"https:\/\/trisko-butik.pl\/index.php?rest_route=\/wp\/v2\/product\/374","targetHints":{"allow":["GET"]}}],"collection":[{"href":"https:\/\/trisko-butik.pl\/index.php?rest_route=\/wp\/v2\/product"}],"about":[{"href":"https:\/\/trisko-butik.pl\/index.php?rest_route=\/wp\/v2\/types\/product"}],"wp:featuredmedia":[{"embeddable":true,"href":"https:\/\/trisko-butik.pl\/index.php?rest_route=\/wp\/v2\/media\/376"}],"wp:attachment":[{"href":"https:\/\/trisko-butik.pl\/index.php?rest_route=%2Fwp%2Fv2%2Fmedia&parent=374"}],"wp:term":[{"taxonomy":"product_brand","embeddable":true,"href":"https:\/\/trisko-butik.pl\/index.php?rest_route=%2Fwp%2Fv2%2Fproduct_brand&post=374"},{"taxonomy":"product_cat","embeddable":true,"href":"https:\/\/trisko-butik.pl\/index.php?rest_route=%2Fwp%2Fv2%2Fproduct_cat&post=374"},{"taxonomy":"product_tag","embeddable":true,"href":"https:\/\/trisko-butik.pl\/index.php?rest_route=%2Fwp%2Fv2%2Fproduct_tag&post=374"}],"curies":[{"name":"wp","href":"https:\/\/api.w.org\/{rel}","templated":true}]}}