{"id":80,"date":"2021-07-16T08:54:55","date_gmt":"2021-07-16T06:54:55","guid":{"rendered":"https:\/\/trisko-butik.pl\/?page_id=80"},"modified":"2021-08-02T21:10:12","modified_gmt":"2021-08-02T19:10:12","slug":"dostawa","status":"publish","type":"page","link":"https:\/\/trisko-butik.pl\/?page_id=80","title":{"rendered":"Formy p\u0142atno\u015bci"},"content":{"rendered":"\t\t<div data-elementor-type=\"wp-page\" data-elementor-id=\"80\" class=\"elementor elementor-80\">\n\t\t\t\t\t\t<section class=\"elementor-section elementor-top-section elementor-element elementor-element-5f640401 elementor-section-boxed elementor-section-height-default elementor-section-height-default\" data-id=\"5f640401\" data-element_type=\"section\">\n\t\t\t\t\t\t<div class=\"elementor-container elementor-column-gap-default\">\n\t\t\t\t\t<div class=\"elementor-column elementor-col-100 elementor-top-column elementor-element elementor-element-6856803a\" data-id=\"6856803a\" data-element_type=\"column\">\n\t\t\t<div class=\"elementor-widget-wrap elementor-element-populated\">\n\t\t\t\t\t\t<div class=\"elementor-element elementor-element-e297b1e elementor-position-left elementor-view-default elementor-mobile-position-top elementor-vertical-align-top elementor-widget elementor-widget-icon-box\" data-id=\"e297b1e\" data-element_type=\"widget\" data-widget_type=\"icon-box.default\">\n\t\t\t\t<div class=\"elementor-widget-container\">\n\t\t\t\t\t\t\t<div class=\"elementor-icon-box-wrapper\">\n\n\t\t\t\t\t\t<div class=\"elementor-icon-box-icon\">\n\t\t\t\t<span  class=\"elementor-icon\">\n\t\t\t\t<i aria-hidden=\"true\" class=\"far fa-money-bill-alt\"><\/i>\t\t\t\t<\/span>\n\t\t\t<\/div>\n\t\t\t\n\t\t\t\t\t\t<div class=\"elementor-icon-box-content\">\n\n\t\t\t\t\t\t\t\t\t<h3 class=\"elementor-icon-box-title\">\n\t\t\t\t\t\t<span  >\n\t\t\t\t\t\t\tPrzelewy24\t\t\t\t\t\t<\/span>\n\t\t\t\t\t<\/h3>\n\t\t\t\t\n\t\t\t\t\n\t\t\t<\/div>\n\t\t\t\n\t\t<\/div>\n\t\t\t\t\t\t<\/div>\n\t\t\t\t<\/div>\n\t\t\t\t<div class=\"elementor-element elementor-element-82f0f8f elementor-widget elementor-widget-text-editor\" data-id=\"82f0f8f\" data-element_type=\"widget\" data-widget_type=\"text-editor.default\">\n\t\t\t\t<div class=\"elementor-widget-container\">\n\t\t\t\t\t\t\t\t\t<p>Za zakupy w naszym sklepie zap\u0142acisz wygodnie online za pomoc\u0105 systemu p\u0142atno\u015bci <strong>Przelewy24<\/strong> &#8211; kart\u0105 kredytow\u0105, e-przelewem lub BLIK-iem.<\/p>\t\t\t\t\t\t\t\t<\/div>\n\t\t\t\t<\/div>\n\t\t\t\t<div class=\"elementor-element elementor-element-7aa5f71 elementor-widget elementor-widget-text-editor\" data-id=\"7aa5f71\" data-element_type=\"widget\" data-widget_type=\"text-editor.default\">\n\t\t\t\t<div class=\"elementor-widget-container\">\n\t\t\t\t\t\t\t\t\t<p>Dodatkowe informacje dotycz\u0105ce zam\u00f3wienia nale\u017cy wpisywa\u0107 w formularzu w trakcie sk\u0142adania zam\u00f3wienia (przy realizacji zam\u00f3wienia w naszym sklepie mo\u017cesz poda\u0107 inny adres wysy\u0142ki, jak r\u00f3wnie\u017c dodatkowe informacje dotycz\u0105ce np. op\u00f3\u017anionego terminu nadania przesy\u0142ki).<\/p>\t\t\t\t\t\t\t\t<\/div>\n\t\t\t\t<\/div>\n\t\t\t\t\t<\/div>\n\t\t<\/div>\n\t\t\t\t\t<\/div>\n\t\t<\/section>\n\t\t\t\t<\/div>\n\t\t","protected":false},"excerpt":{"rendered":"<p>Przelewy24 Za zakupy w naszym sklepie zap\u0142acisz wygodnie online za pomoc\u0105 systemu p\u0142atno\u015bci Przelewy24 &#8211; kart\u0105 kredytow\u0105, e-przelewem lub BLIK-iem. Dodatkowe informacje dotycz\u0105ce zam\u00f3wienia nale\u017cy wpisywa\u0107 w formularzu w trakcie sk\u0142adania zam\u00f3wienia (przy realizacji zam\u00f3wienia w naszym sklepie mo\u017cesz poda\u0107 inny adres wysy\u0142ki, jak r\u00f3wnie\u017c dodatkowe informacje dotycz\u0105ce np. op\u00f3\u017anionego terminu nadania przesy\u0142ki).<\/p>\n","protected":false},"author":1,"featured_media":0,"parent":0,"menu_order":0,"comment_status":"closed","ping_status":"closed","template":"elementor_header_footer","meta":{"footnotes":""},"class_list":["post-80","page","type-page","status-publish","hentry"],"yoast_head":"<!-- This site is optimized with the Yoast SEO plugin v24.5 - https:\/\/yoast.com\/wordpress\/plugins\/seo\/ -->\n<title>Formy p\u0142atno\u015bci - Trisko butik<\/title>\n<meta name=\"robots\" content=\"index, follow, max-snippet:-1, max-image-preview:large, max-video-preview:-1\" \/>\n<link rel=\"canonical\" href=\"https:\/\/trisko-butik.pl\/?page_id=80\" \/>\n<meta property=\"og:locale\" content=\"pl_PL\" \/>\n<meta property=\"og:type\" content=\"article\" \/>\n<meta property=\"og:title\" content=\"Formy p\u0142atno\u015bci - Trisko butik\" \/>\n<meta property=\"og:description\" content=\"Przelewy24 Za zakupy w naszym sklepie zap\u0142acisz wygodnie online za pomoc\u0105 systemu p\u0142atno\u015bci Przelewy24 &#8211; kart\u0105 kredytow\u0105, e-przelewem lub BLIK-iem. Dodatkowe informacje dotycz\u0105ce zam\u00f3wienia nale\u017cy wpisywa\u0107 w formularzu w trakcie sk\u0142adania zam\u00f3wienia (przy realizacji zam\u00f3wienia w naszym sklepie mo\u017cesz poda\u0107 inny adres wysy\u0142ki, jak r\u00f3wnie\u017c dodatkowe informacje dotycz\u0105ce np. op\u00f3\u017anionego terminu nadania przesy\u0142ki).\" \/>\n<meta property=\"og:url\" content=\"https:\/\/trisko-butik.pl\/?page_id=80\" \/>\n<meta property=\"og:site_name\" content=\"Trisko butik\" \/>\n<meta property=\"article:modified_time\" content=\"2021-08-02T19:10:12+00:00\" \/>\n<meta name=\"twitter:card\" content=\"summary_large_image\" \/>\n<meta name=\"twitter:label1\" content=\"Szacowany czas czytania\" \/>\n\t<meta name=\"twitter:data1\" content=\"1 minuta\" \/>\n<script type=\"application\/ld+json\" class=\"yoast-schema-graph\">{\"@context\":\"https:\/\/schema.org\",\"@graph\":[{\"@type\":\"WebPage\",\"@id\":\"https:\/\/trisko-butik.pl\/?page_id=80\",\"url\":\"https:\/\/trisko-butik.pl\/?page_id=80\",\"name\":\"Formy p\u0142atno\u015bci - Trisko butik\",\"isPartOf\":{\"@id\":\"https:\/\/trisko-butik.pl\/#website\"},\"datePublished\":\"2021-07-16T06:54:55+00:00\",\"dateModified\":\"2021-08-02T19:10:12+00:00\",\"inLanguage\":\"pl-PL\",\"potentialAction\":[{\"@type\":\"ReadAction\",\"target\":[\"https:\/\/trisko-butik.pl\/?page_id=80\"]}]},{\"@type\":\"WebSite\",\"@id\":\"https:\/\/trisko-butik.pl\/#website\",\"url\":\"https:\/\/trisko-butik.pl\/\",\"name\":\"Trisko butik\",\"description\":\"\",\"publisher\":{\"@id\":\"https:\/\/trisko-butik.pl\/#organization\"},\"potentialAction\":[{\"@type\":\"SearchAction\",\"target\":{\"@type\":\"EntryPoint\",\"urlTemplate\":\"https:\/\/trisko-butik.pl\/?s={search_term_string}\"},\"query-input\":{\"@type\":\"PropertyValueSpecification\",\"valueRequired\":true,\"valueName\":\"search_term_string\"}}],\"inLanguage\":\"pl-PL\"},{\"@type\":\"Organization\",\"@id\":\"https:\/\/trisko-butik.pl\/#organization\",\"name\":\"Trisko butik\",\"url\":\"https:\/\/trisko-butik.pl\/\",\"logo\":{\"@type\":\"ImageObject\",\"inLanguage\":\"pl-PL\",\"@id\":\"https:\/\/trisko-butik.pl\/#\/schema\/logo\/image\/\",\"url\":\"https:\/\/trisko-butik.pl\/wp-content\/uploads\/2021\/07\/Logo-2.png\",\"contentUrl\":\"https:\/\/trisko-butik.pl\/wp-content\/uploads\/2021\/07\/Logo-2.png\",\"width\":328,\"height\":96,\"caption\":\"Trisko butik\"},\"image\":{\"@id\":\"https:\/\/trisko-butik.pl\/#\/schema\/logo\/image\/\"}}]}<\/script>\n<!-- \/ Yoast SEO plugin. -->","yoast_head_json":{"title":"Formy p\u0142atno\u015bci - Trisko butik","robots":{"index":"index","follow":"follow","max-snippet":"max-snippet:-1","max-image-preview":"max-image-preview:large","max-video-preview":"max-video-preview:-1"},"canonical":"https:\/\/trisko-butik.pl\/?page_id=80","og_locale":"pl_PL","og_type":"article","og_title":"Formy p\u0142atno\u015bci - Trisko butik","og_description":"Przelewy24 Za zakupy w naszym sklepie zap\u0142acisz wygodnie online za pomoc\u0105 systemu p\u0142atno\u015bci Przelewy24 &#8211; kart\u0105 kredytow\u0105, e-przelewem lub BLIK-iem. Dodatkowe informacje dotycz\u0105ce zam\u00f3wienia nale\u017cy wpisywa\u0107 w formularzu w trakcie sk\u0142adania zam\u00f3wienia (przy realizacji zam\u00f3wienia w naszym sklepie mo\u017cesz poda\u0107 inny adres wysy\u0142ki, jak r\u00f3wnie\u017c dodatkowe informacje dotycz\u0105ce np. op\u00f3\u017anionego terminu nadania przesy\u0142ki).","og_url":"https:\/\/trisko-butik.pl\/?page_id=80","og_site_name":"Trisko butik","article_modified_time":"2021-08-02T19:10:12+00:00","twitter_card":"summary_large_image","twitter_misc":{"Szacowany czas czytania":"1 minuta"},"schema":{"@context":"https:\/\/schema.org","@graph":[{"@type":"WebPage","@id":"https:\/\/trisko-butik.pl\/?page_id=80","url":"https:\/\/trisko-butik.pl\/?page_id=80","name":"Formy p\u0142atno\u015bci - Trisko butik","isPartOf":{"@id":"https:\/\/trisko-butik.pl\/#website"},"datePublished":"2021-07-16T06:54:55+00:00","dateModified":"2021-08-02T19:10:12+00:00","inLanguage":"pl-PL","potentialAction":[{"@type":"ReadAction","target":["https:\/\/trisko-butik.pl\/?page_id=80"]}]},{"@type":"WebSite","@id":"https:\/\/trisko-butik.pl\/#website","url":"https:\/\/trisko-butik.pl\/","name":"Trisko butik","description":"","publisher":{"@id":"https:\/\/trisko-butik.pl\/#organization"},"potentialAction":[{"@type":"SearchAction","target":{"@type":"EntryPoint","urlTemplate":"https:\/\/trisko-butik.pl\/?s={search_term_string}"},"query-input":{"@type":"PropertyValueSpecification","valueRequired":true,"valueName":"search_term_string"}}],"inLanguage":"pl-PL"},{"@type":"Organization","@id":"https:\/\/trisko-butik.pl\/#organization","name":"Trisko butik","url":"https:\/\/trisko-butik.pl\/","logo":{"@type":"ImageObject","inLanguage":"pl-PL","@id":"https:\/\/trisko-butik.pl\/#\/schema\/logo\/image\/","url":"https:\/\/trisko-butik.pl\/wp-content\/uploads\/2021\/07\/Logo-2.png","contentUrl":"https:\/\/trisko-butik.pl\/wp-content\/uploads\/2021\/07\/Logo-2.png","width":328,"height":96,"caption":"Trisko butik"},"image":{"@id":"https:\/\/trisko-butik.pl\/#\/schema\/logo\/image\/"}}]}},"_links":{"self":[{"href":"https:\/\/trisko-butik.pl\/index.php?rest_route=\/wp\/v2\/pages\/80","targetHints":{"allow":["GET"]}}],"collection":[{"href":"https:\/\/trisko-butik.pl\/index.php?rest_route=\/wp\/v2\/pages"}],"about":[{"href":"https:\/\/trisko-butik.pl\/index.php?rest_route=\/wp\/v2\/types\/page"}],"author":[{"embeddable":true,"href":"https:\/\/trisko-butik.pl\/index.php?rest_route=\/wp\/v2\/users\/1"}],"replies":[{"embeddable":true,"href":"https:\/\/trisko-butik.pl\/index.php?rest_route=%2Fwp%2Fv2%2Fcomments&post=80"}],"version-history":[{"count":19,"href":"https:\/\/trisko-butik.pl\/index.php?rest_route=\/wp\/v2\/pages\/80\/revisions"}],"predecessor-version":[{"id":1070,"href":"https:\/\/trisko-butik.pl\/index.php?rest_route=\/wp\/v2\/pages\/80\/revisions\/1070"}],"wp:attachment":[{"href":"https:\/\/trisko-butik.pl\/index.php?rest_route=%2Fwp%2Fv2%2Fmedia&parent=80"}],"curies":[{"name":"wp","href":"https:\/\/api.w.org\/{rel}","templated":true}]}}