{"id":198,"date":"2021-07-25T19:32:51","date_gmt":"2021-07-25T17:32:51","guid":{"rendered":"https:\/\/trisko-butik.pl\/?page_id=198"},"modified":"2022-09-03T20:48:38","modified_gmt":"2022-09-03T18:48:38","slug":"zwrot-towaru","status":"publish","type":"page","link":"https:\/\/trisko-butik.pl\/?page_id=198","title":{"rendered":"Zwrot towaru"},"content":{"rendered":"\t\t<div data-elementor-type=\"wp-page\" data-elementor-id=\"198\" class=\"elementor elementor-198\">\n\t\t\t\t\t\t<section class=\"elementor-section elementor-top-section elementor-element elementor-element-3821187 elementor-section-boxed elementor-section-height-default elementor-section-height-default\" data-id=\"3821187\" data-element_type=\"section\">\n\t\t\t\t\t\t<div class=\"elementor-container elementor-column-gap-default\">\n\t\t\t\t\t<div class=\"elementor-column elementor-col-100 elementor-top-column elementor-element elementor-element-21ec196\" data-id=\"21ec196\" data-element_type=\"column\">\n\t\t\t<div class=\"elementor-widget-wrap elementor-element-populated\">\n\t\t\t\t\t\t<div class=\"elementor-element elementor-element-1ea8df9 elementor-position-left elementor-view-default elementor-mobile-position-top elementor-vertical-align-top elementor-widget elementor-widget-icon-box\" data-id=\"1ea8df9\" data-element_type=\"widget\" data-widget_type=\"icon-box.default\">\n\t\t\t\t<div class=\"elementor-widget-container\">\n\t\t\t\t\t\t\t<div class=\"elementor-icon-box-wrapper\">\n\n\t\t\t\t\t\t<div class=\"elementor-icon-box-icon\">\n\t\t\t\t<span  class=\"elementor-icon\">\n\t\t\t\t<i aria-hidden=\"true\" class=\"fas fa-share\"><\/i>\t\t\t\t<\/span>\n\t\t\t<\/div>\n\t\t\t\n\t\t\t\t\t\t<div class=\"elementor-icon-box-content\">\n\n\t\t\t\t\t\t\t\t\t<h3 class=\"elementor-icon-box-title\">\n\t\t\t\t\t\t<span  >\n\t\t\t\t\t\t\tJak dokona\u0107 zwrotu?\t\t\t\t\t\t<\/span>\n\t\t\t\t\t<\/h3>\n\t\t\t\t\n\t\t\t\t\t\t\t\t\t<p class=\"elementor-icon-box-description\">\n\t\t\t\t\t\t\n\t\t\t\t\t<\/p>\n\t\t\t\t\n\t\t\t<\/div>\n\t\t\t\n\t\t<\/div>\n\t\t\t\t\t\t<\/div>\n\t\t\t\t<\/div>\n\t\t\t\t<div class=\"elementor-element elementor-element-14773e1 elementor-widget elementor-widget-text-editor\" data-id=\"14773e1\" data-element_type=\"widget\" data-widget_type=\"text-editor.default\">\n\t\t\t\t<div class=\"elementor-widget-container\">\n\t\t\t\t\t\t\t\t\t<div>1. Czas na dokonanie zwrotu to 14 dni od momentu odebrania przesy\u0142ki. Zwrotu nale\u017cy dokona\u0107 na adres :<\/div>\t\t\t\t\t\t\t\t<\/div>\n\t\t\t\t<\/div>\n\t\t\t\t<div class=\"elementor-element elementor-element-2486cdf elementor-widget elementor-widget-text-editor\" data-id=\"2486cdf\" data-element_type=\"widget\" data-widget_type=\"text-editor.default\">\n\t\t\t\t<div class=\"elementor-widget-container\">\n\t\t\t\t\t\t\t\t\t<p><strong>Trisko Butik<\/strong><br \/><strong>ul. G\u0142\u00f3wna 3a<\/strong><br \/><strong>76-251 Kobylnica<\/strong><\/p>\t\t\t\t\t\t\t\t<\/div>\n\t\t\t\t<\/div>\n\t\t\t\t<div class=\"elementor-element elementor-element-f789a09 elementor-widget elementor-widget-text-editor\" data-id=\"f789a09\" data-element_type=\"widget\" data-widget_type=\"text-editor.default\">\n\t\t\t\t<div class=\"elementor-widget-container\">\n\t\t\t\t\t\t\t\t\t<p>oraz do\u0142\u0105czy\u0107 formularz zwrotu.<\/p>\t\t\t\t\t\t\t\t<\/div>\n\t\t\t\t<\/div>\n\t\t\t\t<div class=\"elementor-element elementor-element-fed53c0 elementor-widget elementor-widget-text-editor\" data-id=\"fed53c0\" data-element_type=\"widget\" data-widget_type=\"text-editor.default\">\n\t\t\t\t<div class=\"elementor-widget-container\">\n\t\t\t\t\t\t\t\t\t<div>2. Przedmioty musz\u0105 by\u0107 zwr\u00f3cone w stanie nienoszonym, nieumytym, nieuszkodzonym i z do\u0142\u0105czonymi wszystkimi oryginalnymi metkami.<\/div>\t\t\t\t\t\t\t\t<\/div>\n\t\t\t\t<\/div>\n\t\t\t\t<div class=\"elementor-element elementor-element-f5de7fc elementor-widget elementor-widget-text-editor\" data-id=\"f5de7fc\" data-element_type=\"widget\" data-widget_type=\"text-editor.default\">\n\t\t\t\t<div class=\"elementor-widget-container\">\n\t\t\t\t\t\t\t\t\t<div>3. Nie mo\u017cna zwr\u00f3ci\u0107 ani wymieni\u0107 nast\u0119puj\u0105cych przedmiot\u00f3w: body, bielizny, bi\u017cuterii, kosmetyk\u00f3w.<\/div>\t\t\t\t\t\t\t\t<\/div>\n\t\t\t\t<\/div>\n\t\t\t\t<div class=\"elementor-element elementor-element-ab400b7 elementor-widget elementor-widget-text-editor\" data-id=\"ab400b7\" data-element_type=\"widget\" data-widget_type=\"text-editor.default\">\n\t\t\t\t<div class=\"elementor-widget-container\">\n\t\t\t\t\t\t\t\t\t<div>4. Przedmioty opatrzone znakami bezzwrotnymi i darmowe prezenty nie podlegaj\u0105 zwrotowi.<\/div>\t\t\t\t\t\t\t\t<\/div>\n\t\t\t\t<\/div>\n\t\t\t\t<div class=\"elementor-element elementor-element-04e5669 elementor-widget elementor-widget-text-editor\" data-id=\"04e5669\" data-element_type=\"widget\" data-widget_type=\"text-editor.default\">\n\t\t\t\t<div class=\"elementor-widget-container\">\n\t\t\t\t\t\t\t\t\t<div>5. Zwroty b\u0119d\u0105 dokonywane na koszt kupuj\u0105cego.\u00a0<\/div>\t\t\t\t\t\t\t\t<\/div>\n\t\t\t\t<\/div>\n\t\t\t\t<div class=\"elementor-element elementor-element-dfe4aa7 elementor-widget elementor-widget-text-editor\" data-id=\"dfe4aa7\" data-element_type=\"widget\" data-widget_type=\"text-editor.default\">\n\t\t\t\t<div class=\"elementor-widget-container\">\n\t\t\t\t\t\t\t\t\t<p>6. Je\u015bli otrzyma\u0142e\u015b uszkodzony \/ wadliwy przedmiot, skontaktuj si\u0119 z Trisko Butik w ci\u0105gu 24 godzin od otrzymania.<\/p>\t\t\t\t\t\t\t\t<\/div>\n\t\t\t\t<\/div>\n\t\t\t\t<div class=\"elementor-element elementor-element-0389cfd elementor-position-left elementor-view-default elementor-mobile-position-top elementor-vertical-align-top elementor-widget elementor-widget-icon-box\" data-id=\"0389cfd\" data-element_type=\"widget\" data-widget_type=\"icon-box.default\">\n\t\t\t\t<div class=\"elementor-widget-container\">\n\t\t\t\t\t\t\t<div class=\"elementor-icon-box-wrapper\">\n\n\t\t\t\t\t\t<div class=\"elementor-icon-box-icon\">\n\t\t\t\t<span  class=\"elementor-icon\">\n\t\t\t\t<i aria-hidden=\"true\" class=\"far fa-clock\"><\/i>\t\t\t\t<\/span>\n\t\t\t<\/div>\n\t\t\t\n\t\t\t\t\t\t<div class=\"elementor-icon-box-content\">\n\n\t\t\t\t\t\t\t\t\t<h3 class=\"elementor-icon-box-title\">\n\t\t\t\t\t\t<span  >\n\t\t\t\t\t\t\tJak d\u0142ugo trwa proces zwrotu p\u0142atno\u015bci?\t\t\t\t\t\t<\/span>\n\t\t\t\t\t<\/h3>\n\t\t\t\t\n\t\t\t\t\t\t\t\t\t<p class=\"elementor-icon-box-description\">\n\t\t\t\t\t\t\n\t\t\t\t\t<\/p>\n\t\t\t\t\n\t\t\t<\/div>\n\t\t\t\n\t\t<\/div>\n\t\t\t\t\t\t<\/div>\n\t\t\t\t<\/div>\n\t\t\t\t<div class=\"elementor-element elementor-element-64e5eed elementor-widget elementor-widget-text-editor\" data-id=\"64e5eed\" data-element_type=\"widget\" data-widget_type=\"text-editor.default\">\n\t\t\t\t<div class=\"elementor-widget-container\">\n\t\t\t\t\t\t\t\t\t<p>Twoja pro\u015bba zostanie rozpatrzona w ci\u0105gu 5 dni roboczych od otrzymania zwrotu. Zwrot p\u0142atno\u015bci zostanie przes\u0142any na podany przez Ciebie w formularzu zwrotu numer konta w ci\u0105gu 14 dni roboczych.<\/p>\t\t\t\t\t\t\t\t<\/div>\n\t\t\t\t<\/div>\n\t\t\t\t\t<\/div>\n\t\t<\/div>\n\t\t\t\t\t<\/div>\n\t\t<\/section>\n\t\t\t\t<\/div>\n\t\t","protected":false},"excerpt":{"rendered":"<p>Jak dokona\u0107 zwrotu? 1. Czas na dokonanie zwrotu to 14 dni od momentu odebrania przesy\u0142ki. Zwrotu nale\u017cy dokona\u0107 na adres : Trisko Butik ul. G\u0142\u00f3wna 3a 76-251 Kobylnica oraz do\u0142\u0105czy\u0107 formularz zwrotu. 2. Przedmioty musz\u0105 by\u0107 zwr\u00f3cone w stanie nienoszonym, nieumytym, nieuszkodzonym i z do\u0142\u0105czonymi wszystkimi oryginalnymi metkami.3. Nie mo\u017cna zwr\u00f3ci\u0107 ani wymieni\u0107 nast\u0119puj\u0105cych przedmiot\u00f3w: [&hellip;]<\/p>\n","protected":false},"author":1,"featured_media":0,"parent":0,"menu_order":0,"comment_status":"closed","ping_status":"closed","template":"elementor_header_footer","meta":{"footnotes":""},"class_list":["post-198","page","type-page","status-publish","hentry"],"yoast_head":"<!-- This site is optimized with the Yoast SEO plugin v24.5 - https:\/\/yoast.com\/wordpress\/plugins\/seo\/ -->\n<title>Zwrot towaru - Trisko butik<\/title>\n<meta name=\"robots\" content=\"index, follow, max-snippet:-1, max-image-preview:large, max-video-preview:-1\" \/>\n<link rel=\"canonical\" href=\"https:\/\/trisko-butik.pl\/?page_id=198\" \/>\n<meta property=\"og:locale\" content=\"pl_PL\" \/>\n<meta property=\"og:type\" content=\"article\" \/>\n<meta property=\"og:title\" content=\"Zwrot towaru - Trisko butik\" \/>\n<meta property=\"og:description\" content=\"Jak dokona\u0107 zwrotu? 1. Czas na dokonanie zwrotu to 14 dni od momentu odebrania przesy\u0142ki. Zwrotu nale\u017cy dokona\u0107 na adres : Trisko Butik ul. G\u0142\u00f3wna 3a 76-251 Kobylnica oraz do\u0142\u0105czy\u0107 formularz zwrotu. 2. Przedmioty musz\u0105 by\u0107 zwr\u00f3cone w stanie nienoszonym, nieumytym, nieuszkodzonym i z do\u0142\u0105czonymi wszystkimi oryginalnymi metkami.3. Nie mo\u017cna zwr\u00f3ci\u0107 ani wymieni\u0107 nast\u0119puj\u0105cych przedmiot\u00f3w: [&hellip;]\" \/>\n<meta property=\"og:url\" content=\"https:\/\/trisko-butik.pl\/?page_id=198\" \/>\n<meta property=\"og:site_name\" content=\"Trisko butik\" \/>\n<meta property=\"article:modified_time\" content=\"2022-09-03T18:48:38+00:00\" \/>\n<meta name=\"twitter:card\" content=\"summary_large_image\" \/>\n<meta name=\"twitter:label1\" content=\"Szacowany czas czytania\" \/>\n\t<meta name=\"twitter:data1\" content=\"1 minuta\" \/>\n<script type=\"application\/ld+json\" class=\"yoast-schema-graph\">{\"@context\":\"https:\/\/schema.org\",\"@graph\":[{\"@type\":\"WebPage\",\"@id\":\"https:\/\/trisko-butik.pl\/?page_id=198\",\"url\":\"https:\/\/trisko-butik.pl\/?page_id=198\",\"name\":\"Zwrot towaru - Trisko butik\",\"isPartOf\":{\"@id\":\"https:\/\/trisko-butik.pl\/#website\"},\"datePublished\":\"2021-07-25T17:32:51+00:00\",\"dateModified\":\"2022-09-03T18:48:38+00:00\",\"inLanguage\":\"pl-PL\",\"potentialAction\":[{\"@type\":\"ReadAction\",\"target\":[\"https:\/\/trisko-butik.pl\/?page_id=198\"]}]},{\"@type\":\"WebSite\",\"@id\":\"https:\/\/trisko-butik.pl\/#website\",\"url\":\"https:\/\/trisko-butik.pl\/\",\"name\":\"Trisko butik\",\"description\":\"\",\"publisher\":{\"@id\":\"https:\/\/trisko-butik.pl\/#organization\"},\"potentialAction\":[{\"@type\":\"SearchAction\",\"target\":{\"@type\":\"EntryPoint\",\"urlTemplate\":\"https:\/\/trisko-butik.pl\/?s={search_term_string}\"},\"query-input\":{\"@type\":\"PropertyValueSpecification\",\"valueRequired\":true,\"valueName\":\"search_term_string\"}}],\"inLanguage\":\"pl-PL\"},{\"@type\":\"Organization\",\"@id\":\"https:\/\/trisko-butik.pl\/#organization\",\"name\":\"Trisko butik\",\"url\":\"https:\/\/trisko-butik.pl\/\",\"logo\":{\"@type\":\"ImageObject\",\"inLanguage\":\"pl-PL\",\"@id\":\"https:\/\/trisko-butik.pl\/#\/schema\/logo\/image\/\",\"url\":\"https:\/\/trisko-butik.pl\/wp-content\/uploads\/2021\/07\/Logo-2.png\",\"contentUrl\":\"https:\/\/trisko-butik.pl\/wp-content\/uploads\/2021\/07\/Logo-2.png\",\"width\":328,\"height\":96,\"caption\":\"Trisko butik\"},\"image\":{\"@id\":\"https:\/\/trisko-butik.pl\/#\/schema\/logo\/image\/\"}}]}<\/script>\n<!-- \/ Yoast SEO plugin. -->","yoast_head_json":{"title":"Zwrot towaru - Trisko butik","robots":{"index":"index","follow":"follow","max-snippet":"max-snippet:-1","max-image-preview":"max-image-preview:large","max-video-preview":"max-video-preview:-1"},"canonical":"https:\/\/trisko-butik.pl\/?page_id=198","og_locale":"pl_PL","og_type":"article","og_title":"Zwrot towaru - Trisko butik","og_description":"Jak dokona\u0107 zwrotu? 1. Czas na dokonanie zwrotu to 14 dni od momentu odebrania przesy\u0142ki. Zwrotu nale\u017cy dokona\u0107 na adres : Trisko Butik ul. G\u0142\u00f3wna 3a 76-251 Kobylnica oraz do\u0142\u0105czy\u0107 formularz zwrotu. 2. Przedmioty musz\u0105 by\u0107 zwr\u00f3cone w stanie nienoszonym, nieumytym, nieuszkodzonym i z do\u0142\u0105czonymi wszystkimi oryginalnymi metkami.3. Nie mo\u017cna zwr\u00f3ci\u0107 ani wymieni\u0107 nast\u0119puj\u0105cych przedmiot\u00f3w: [&hellip;]","og_url":"https:\/\/trisko-butik.pl\/?page_id=198","og_site_name":"Trisko butik","article_modified_time":"2022-09-03T18:48:38+00:00","twitter_card":"summary_large_image","twitter_misc":{"Szacowany czas czytania":"1 minuta"},"schema":{"@context":"https:\/\/schema.org","@graph":[{"@type":"WebPage","@id":"https:\/\/trisko-butik.pl\/?page_id=198","url":"https:\/\/trisko-butik.pl\/?page_id=198","name":"Zwrot towaru - Trisko butik","isPartOf":{"@id":"https:\/\/trisko-butik.pl\/#website"},"datePublished":"2021-07-25T17:32:51+00:00","dateModified":"2022-09-03T18:48:38+00:00","inLanguage":"pl-PL","potentialAction":[{"@type":"ReadAction","target":["https:\/\/trisko-butik.pl\/?page_id=198"]}]},{"@type":"WebSite","@id":"https:\/\/trisko-butik.pl\/#website","url":"https:\/\/trisko-butik.pl\/","name":"Trisko butik","description":"","publisher":{"@id":"https:\/\/trisko-butik.pl\/#organization"},"potentialAction":[{"@type":"SearchAction","target":{"@type":"EntryPoint","urlTemplate":"https:\/\/trisko-butik.pl\/?s={search_term_string}"},"query-input":{"@type":"PropertyValueSpecification","valueRequired":true,"valueName":"search_term_string"}}],"inLanguage":"pl-PL"},{"@type":"Organization","@id":"https:\/\/trisko-butik.pl\/#organization","name":"Trisko butik","url":"https:\/\/trisko-butik.pl\/","logo":{"@type":"ImageObject","inLanguage":"pl-PL","@id":"https:\/\/trisko-butik.pl\/#\/schema\/logo\/image\/","url":"https:\/\/trisko-butik.pl\/wp-content\/uploads\/2021\/07\/Logo-2.png","contentUrl":"https:\/\/trisko-butik.pl\/wp-content\/uploads\/2021\/07\/Logo-2.png","width":328,"height":96,"caption":"Trisko butik"},"image":{"@id":"https:\/\/trisko-butik.pl\/#\/schema\/logo\/image\/"}}]}},"_links":{"self":[{"href":"https:\/\/trisko-butik.pl\/index.php?rest_route=\/wp\/v2\/pages\/198","targetHints":{"allow":["GET"]}}],"collection":[{"href":"https:\/\/trisko-butik.pl\/index.php?rest_route=\/wp\/v2\/pages"}],"about":[{"href":"https:\/\/trisko-butik.pl\/index.php?rest_route=\/wp\/v2\/types\/page"}],"author":[{"embeddable":true,"href":"https:\/\/trisko-butik.pl\/index.php?rest_route=\/wp\/v2\/users\/1"}],"replies":[{"embeddable":true,"href":"https:\/\/trisko-butik.pl\/index.php?rest_route=%2Fwp%2Fv2%2Fcomments&post=198"}],"version-history":[{"count":28,"href":"https:\/\/trisko-butik.pl\/index.php?rest_route=\/wp\/v2\/pages\/198\/revisions"}],"predecessor-version":[{"id":1078,"href":"https:\/\/trisko-butik.pl\/index.php?rest_route=\/wp\/v2\/pages\/198\/revisions\/1078"}],"wp:attachment":[{"href":"https:\/\/trisko-butik.pl\/index.php?rest_route=%2Fwp%2Fv2%2Fmedia&parent=198"}],"curies":[{"name":"wp","href":"https:\/\/api.w.org\/{rel}","templated":true}]}}